{"id":922,"date":"2025-07-24T14:47:48","date_gmt":"2025-07-24T14:47:48","guid":{"rendered":"https:\/\/profenligne.ca\/?post_type=product&#038;p=922"},"modified":"2025-08-12T13:53:38","modified_gmt":"2025-08-12T13:53:38","slug":"defis-de-fin-dannee-2-3e-cycle","status":"publish","type":"product","link":"https:\/\/profenligne.ca\/en\/product\/defis-de-fin-dannee-2-3e-cycle\/","title":{"rendered":"D\u00e9fis de fin d&rsquo;ann\u00e9e 2-3e cycle"},"content":{"rendered":"<p>Voici une activit\u00e9 pour le 2e cycle et d\u00e9but 3e cycle, d&rsquo;une dur\u00e9e approximative d&rsquo;une p\u00e9riode.<\/p>\n<p>Id\u00e9ale pour compl\u00e9ter les journ\u00e9es de fin d&rsquo;ann\u00e9e.<\/p>\n<p>Cette activit\u00e9 comprend 30 d\u00e9fis que les \u00e9l\u00e8ves devront r\u00e9aliser dans un d\u00e9lai de 40 minutes.<\/p>\n<p>Certains de ces d\u00e9fis se font en \u00e9quipe, en groupe classe ou individuellement.<\/p>\n<p>Les d\u00e9fis sont sportifs, cr\u00e9atifs ou touchent diff\u00e9rentes notions de fran\u00e7ais\/math\u00e9matique.<\/p>","protected":false},"excerpt":{"rendered":"<p>Voici une activit\u00e9 pour le 2e cycle et d\u00e9but 3e cycle, d&rsquo;une dur\u00e9e approximative d&rsquo;une p\u00e9riode. Id\u00e9ale pour compl\u00e9ter les journ\u00e9es de fin d&rsquo;ann\u00e9e. Cette activit\u00e9 comprend 30 d\u00e9fis que les \u00e9l\u00e8ves devront r\u00e9aliser dans un d\u00e9lai de 40 minutes. Certains de ces d\u00e9fis se font en \u00e9quipe, en groupe classe ou individuellement. Les d\u00e9fis&#8230;<\/p>","protected":false},"featured_media":930,"template":"","meta":{"_kad_post_transparent":"default","_kad_post_title":"","_kad_post_layout":"default","_kad_post_sidebar_id":"","_kad_post_content_style":"default","_kad_post_vertical_padding":"default","_kad_post_feature":"","_kad_post_feature_position":"","_kad_post_header":false,"_kad_post_footer":false},"product_brand":[],"product_cat":[37,38,49,48],"product_tag":[82,513,105,106],"class_list":{"0":"post-922","1":"product","2":"type-product","3":"status-publish","4":"has-post-thumbnail","6":"product_cat-2e-cycle","7":"product_cat-3e-cycle","8":"product_cat-defis","9":"product_cat-fin-dannee","10":"product_tag-activite","11":"product_tag-defi","12":"product_tag-fin-dannee","13":"product_tag-passe-temps","15":"first","16":"instock","17":"downloadable","18":"virtual","19":"purchasable","20":"product-type-simple","21":"entry","22":"content-bg","23":"loop-entry"},"jetpack_sharing_enabled":true,"_links":{"self":[{"href":"https:\/\/profenligne.ca\/en\/wp-json\/wp\/v2\/product\/922","targetHints":{"allow":["GET"]}}],"collection":[{"href":"https:\/\/profenligne.ca\/en\/wp-json\/wp\/v2\/product"}],"about":[{"href":"https:\/\/profenligne.ca\/en\/wp-json\/wp\/v2\/types\/product"}],"version-history":[{"count":2,"href":"https:\/\/profenligne.ca\/en\/wp-json\/wp\/v2\/product\/922\/revisions"}],"predecessor-version":[{"id":1975,"href":"https:\/\/profenligne.ca\/en\/wp-json\/wp\/v2\/product\/922\/revisions\/1975"}],"wp:featuredmedia":[{"embeddable":true,"href":"https:\/\/profenligne.ca\/en\/wp-json\/wp\/v2\/media\/930"}],"wp:attachment":[{"href":"https:\/\/profenligne.ca\/en\/wp-json\/wp\/v2\/media?parent=922"}],"wp:term":[{"taxonomy":"product_brand","embeddable":true,"href":"https:\/\/profenligne.ca\/en\/wp-json\/wp\/v2\/product_brand?post=922"},{"taxonomy":"product_cat","embeddable":true,"href":"https:\/\/profenligne.ca\/en\/wp-json\/wp\/v2\/product_cat?post=922"},{"taxonomy":"product_tag","embeddable":true,"href":"https:\/\/profenligne.ca\/en\/wp-json\/wp\/v2\/product_tag?post=922"}],"curies":[{"name":"wp","href":"https:\/\/api.w.org\/{rel}","templated":true}]}}