{"id":899,"date":"2025-07-23T22:10:17","date_gmt":"2025-07-23T22:10:17","guid":{"rendered":"https:\/\/profenligne.ca\/?post_type=product&#038;p=899"},"modified":"2025-08-22T00:31:57","modified_gmt":"2025-08-22T00:31:57","slug":"le-colisee-comprehension-de-lecture","status":"publish","type":"product","link":"https:\/\/profenligne.ca\/en\/product\/le-colisee-comprehension-de-lecture\/","title":{"rendered":"Le Colis\u00e9e &#8211; Compr\u00e9hension de lecture"},"content":{"rendered":"<p>Voici une petite compr\u00e9hension de lecture portant sur le Colis\u00e9e de Rome, sur ses origines, sa construction, ainsi que quelques faits int\u00e9ressants \u00e0 son sujet. Cette compr\u00e9hension est id\u00e9ale pour le 2e et 3e cycle.<\/p>\n<p>Ce document comprend :<\/p>\n<ul>\n<li>3 pages de texte en couleur \/ 3 pages en noir et blanc<\/li>\n<li>12 questions<\/li>\n<li>Un corrig\u00e9<\/li>\n<li>Un lien Forms que vous pouvez modifier avant de l&rsquo;envoyer \u00e0 vos \u00e9l\u00e8ves.<\/li>\n<\/ul>\n<p><strong>Disponible dans l&rsquo;ensemble \u00e9conomique : 7 merveilles du monde\u00a0<\/strong><\/p>","protected":false},"excerpt":{"rendered":"<p>Voici une petite compr\u00e9hension de lecture portant sur le Colis\u00e9e de Rome, sur ses origines, sa construction, ainsi que quelques faits int\u00e9ressants \u00e0 son sujet. Cette compr\u00e9hension est id\u00e9ale pour le 2e et 3e cycle. Ce document comprend : 3 pages de texte en couleur \/ 3 pages en noir et blanc 12 questions Un&#8230;<\/p>","protected":false},"featured_media":903,"template":"","meta":{"_kad_post_transparent":"default","_kad_post_title":"","_kad_post_layout":"default","_kad_post_sidebar_id":"","_kad_post_content_style":"default","_kad_post_vertical_padding":"default","_kad_post_feature":"","_kad_post_feature_position":"","_kad_post_header":false,"_kad_post_footer":false},"product_brand":[],"product_cat":[37,38,34,57],"product_tag":[514,523,92],"class_list":{"0":"post-899","1":"product","2":"type-product","3":"status-publish","4":"has-post-thumbnail","6":"product_cat-2e-cycle","7":"product_cat-3e-cycle","8":"product_cat-francais","9":"product_cat-texte-informatif","10":"product_tag-7-merveilles-du-monde","11":"product_tag-colisee-de-rome","12":"product_tag-comprehension-de-lecture","14":"first","15":"instock","16":"downloadable","17":"virtual","18":"purchasable","19":"product-type-simple","20":"entry","21":"content-bg","22":"loop-entry"},"jetpack_sharing_enabled":true,"_links":{"self":[{"href":"https:\/\/profenligne.ca\/en\/wp-json\/wp\/v2\/product\/899","targetHints":{"allow":["GET"]}}],"collection":[{"href":"https:\/\/profenligne.ca\/en\/wp-json\/wp\/v2\/product"}],"about":[{"href":"https:\/\/profenligne.ca\/en\/wp-json\/wp\/v2\/types\/product"}],"version-history":[{"count":3,"href":"https:\/\/profenligne.ca\/en\/wp-json\/wp\/v2\/product\/899\/revisions"}],"predecessor-version":[{"id":2295,"href":"https:\/\/profenligne.ca\/en\/wp-json\/wp\/v2\/product\/899\/revisions\/2295"}],"wp:featuredmedia":[{"embeddable":true,"href":"https:\/\/profenligne.ca\/en\/wp-json\/wp\/v2\/media\/903"}],"wp:attachment":[{"href":"https:\/\/profenligne.ca\/en\/wp-json\/wp\/v2\/media?parent=899"}],"wp:term":[{"taxonomy":"product_brand","embeddable":true,"href":"https:\/\/profenligne.ca\/en\/wp-json\/wp\/v2\/product_brand?post=899"},{"taxonomy":"product_cat","embeddable":true,"href":"https:\/\/profenligne.ca\/en\/wp-json\/wp\/v2\/product_cat?post=899"},{"taxonomy":"product_tag","embeddable":true,"href":"https:\/\/profenligne.ca\/en\/wp-json\/wp\/v2\/product_tag?post=899"}],"curies":[{"name":"wp","href":"https:\/\/api.w.org\/{rel}","templated":true}]}}