{"id":862,"date":"2025-07-23T18:20:55","date_gmt":"2025-07-23T18:20:55","guid":{"rendered":"https:\/\/profenligne.ca\/?post_type=product&#038;p=862"},"modified":"2025-08-22T00:44:21","modified_gmt":"2025-08-22T00:44:21","slug":"cahier-revision-fin-annee-mathematique","status":"publish","type":"product","link":"https:\/\/profenligne.ca\/en\/product\/cahier-revision-fin-annee-mathematique\/","title":{"rendered":"Cahier r\u00e9vision fin ann\u00e9e math\u00e9matique"},"content":{"rendered":"<p>Voici un cahier de r\u00e9vision (24 pages) id\u00e9al pour la fin de l&rsquo;ann\u00e9e afin de faire un retour sur TOUTES* les notions math\u00e9matiques vues au 2e cycle.<\/p>\n<p>*Toutes les notions, \u00e0 l&rsquo;exception des probabilit\u00e9s et des diagrammes en arbre.<\/p>\n<p>Ce document comprend \u00e9galement un corrig\u00e9, pour un total de 48 pages.<\/p>","protected":false},"excerpt":{"rendered":"<p>Voici un cahier de r\u00e9vision (24 pages) id\u00e9al pour la fin de l&rsquo;ann\u00e9e afin de faire un retour sur TOUTES* les notions math\u00e9matiques vues au 2e cycle. *Toutes les notions, \u00e0 l&rsquo;exception des probabilit\u00e9s et des diagrammes en arbre. Ce document comprend \u00e9galement un corrig\u00e9, pour un total de 48 pages.<\/p>","protected":false},"featured_media":866,"template":"","meta":{"_kad_post_transparent":"default","_kad_post_title":"","_kad_post_layout":"default","_kad_post_sidebar_id":"","_kad_post_content_style":"default","_kad_post_vertical_padding":"default","_kad_post_feature":"","_kad_post_feature_position":"","_kad_post_header":false,"_kad_post_footer":false},"product_brand":[],"product_cat":[37,48,36],"product_tag":[23,524,525,21],"class_list":{"0":"post-862","1":"product","2":"type-product","3":"status-publish","4":"has-post-thumbnail","6":"product_cat-2e-cycle","7":"product_cat-fin-dannee","8":"product_cat-mathematique","9":"product_tag-2e-cycle","10":"product_tag-cahier-revision","11":"product_tag-fin-annee","12":"product_tag-mathematique","14":"first","15":"instock","16":"downloadable","17":"virtual","18":"purchasable","19":"product-type-simple","20":"entry","21":"content-bg","22":"loop-entry"},"jetpack_sharing_enabled":true,"_links":{"self":[{"href":"https:\/\/profenligne.ca\/en\/wp-json\/wp\/v2\/product\/862","targetHints":{"allow":["GET"]}}],"collection":[{"href":"https:\/\/profenligne.ca\/en\/wp-json\/wp\/v2\/product"}],"about":[{"href":"https:\/\/profenligne.ca\/en\/wp-json\/wp\/v2\/types\/product"}],"version-history":[{"count":3,"href":"https:\/\/profenligne.ca\/en\/wp-json\/wp\/v2\/product\/862\/revisions"}],"predecessor-version":[{"id":1986,"href":"https:\/\/profenligne.ca\/en\/wp-json\/wp\/v2\/product\/862\/revisions\/1986"}],"wp:featuredmedia":[{"embeddable":true,"href":"https:\/\/profenligne.ca\/en\/wp-json\/wp\/v2\/media\/866"}],"wp:attachment":[{"href":"https:\/\/profenligne.ca\/en\/wp-json\/wp\/v2\/media?parent=862"}],"wp:term":[{"taxonomy":"product_brand","embeddable":true,"href":"https:\/\/profenligne.ca\/en\/wp-json\/wp\/v2\/product_brand?post=862"},{"taxonomy":"product_cat","embeddable":true,"href":"https:\/\/profenligne.ca\/en\/wp-json\/wp\/v2\/product_cat?post=862"},{"taxonomy":"product_tag","embeddable":true,"href":"https:\/\/profenligne.ca\/en\/wp-json\/wp\/v2\/product_tag?post=862"}],"curies":[{"name":"wp","href":"https:\/\/api.w.org\/{rel}","templated":true}]}}