{"id":678,"date":"2025-07-18T20:11:57","date_gmt":"2025-07-18T20:11:57","guid":{"rendered":"https:\/\/profenligne.ca\/?post_type=product&#038;p=678"},"modified":"2025-08-22T01:21:02","modified_gmt":"2025-08-22T01:21:02","slug":"11-comprehensions-de-lecture-animaux-du-monde","status":"publish","type":"product","link":"https:\/\/profenligne.ca\/en\/product\/11-comprehensions-de-lecture-animaux-du-monde\/","title":{"rendered":"11 Compr\u00e9hensions de lecture animaux du monde"},"content":{"rendered":"<p>Voici un ensemble \u00e9conomique comprenant 11 compr\u00e9hensions de lecture sur les animaux de diff\u00e9rents pays du monde. Celles-ci sont adapt\u00e9es pour les \u00e9l\u00e8ves du 2e cycle.<\/p>\n<p>*Pour chaque compr\u00e9hension de lecture, il y a un texte en couleur, un texte en noir et blanc, un questionnaire, un corrig\u00e9, ainsi qu&rsquo;un lien menant \u00e0 un quiz Forms.<\/p>\n<p>Cet ensemble comprend :<\/p>\n<ul>\n<li>Animaux du Canada (4 animaux, 9 questions)<\/li>\n<li>Animaux en Autriche (4 animaux, 9 questions)<\/li>\n<li>Animaux d&rsquo;Espagne (4 animaux, 10 questions)<\/li>\n<li>Animaux aux \u00c9tats-Unis (4 animaux, 10 questions)<\/li>\n<li>Animaux en Italie (4 animaux, 9 questions)<\/li>\n<li>Animaux du Mexique (4 animaux, 11 questions)<\/li>\n<li>Animaux en Su\u00e8de (4 animaux, 11 questions)<\/li>\n<li>Animaux en Australie (6 animaux, 10 questions)<\/li>\n<li>Animaux des Philippines (4 animaux, 9 questions)<\/li>\n<li>Animaux du Cameroun (4 animaux, 10 questions)<\/li>\n<li>Animaux en Norv\u00e8ge (4 animaux, 10 questions)<\/li>\n<\/ul>\n<p>Les questions sont vari\u00e9es, allant du rep\u00e9rage, aux inf\u00e9rences, \u00e0 l&rsquo;appr\u00e9ciation et bien plus.<\/p>\n<p>Les compr\u00e9hensions sont disponibles en 2 versions (selon la calligraphie) afin de pouvoir \u00eatre utilis\u00e9es avec les outils techno. Les compr\u00e9hension ayant la calligraphie Times New Roman n&rsquo;ont pas le corrig\u00e9 afin que vous puissiez les transf\u00e9rer sur les outils techno de vos \u00e9l\u00e8ves.<\/p>","protected":false},"excerpt":{"rendered":"<p>Voici un ensemble \u00e9conomique comprenant 11 compr\u00e9hensions de lecture sur les animaux de diff\u00e9rents pays du monde. Celles-ci sont adapt\u00e9es pour les \u00e9l\u00e8ves du 2e cycle. *Pour chaque compr\u00e9hension de lecture, il y a un texte en couleur, un texte en noir et blanc, un questionnaire, un corrig\u00e9, ainsi qu&rsquo;un lien menant \u00e0 un quiz&#8230;<\/p>","protected":false},"featured_media":704,"template":"","meta":{"_kad_post_transparent":"default","_kad_post_title":"","_kad_post_layout":"default","_kad_post_sidebar_id":"","_kad_post_content_style":"default","_kad_post_vertical_padding":"default","_kad_post_feature":"","_kad_post_feature_position":"","_kad_post_header":false,"_kad_post_footer":false},"product_brand":[],"product_cat":[37,40,34,57],"product_tag":[96,558,184,262],"class_list":{"0":"post-678","1":"product","2":"type-product","3":"status-publish","4":"has-post-thumbnail","6":"product_cat-2e-cycle","7":"product_cat-ensemble-economique","8":"product_cat-francais","9":"product_cat-texte-informatif","10":"product_tag-animaux","11":"product_tag-animaux-du-monde","12":"product_tag-comprehension-lecture","13":"product_tag-ensemble-economique","15":"first","16":"instock","17":"downloadable","18":"virtual","19":"purchasable","20":"product-type-simple","21":"entry","22":"content-bg","23":"loop-entry"},"jetpack_sharing_enabled":true,"_links":{"self":[{"href":"https:\/\/profenligne.ca\/en\/wp-json\/wp\/v2\/product\/678","targetHints":{"allow":["GET"]}}],"collection":[{"href":"https:\/\/profenligne.ca\/en\/wp-json\/wp\/v2\/product"}],"about":[{"href":"https:\/\/profenligne.ca\/en\/wp-json\/wp\/v2\/types\/product"}],"version-history":[{"count":1,"href":"https:\/\/profenligne.ca\/en\/wp-json\/wp\/v2\/product\/678\/revisions"}],"predecessor-version":[{"id":707,"href":"https:\/\/profenligne.ca\/en\/wp-json\/wp\/v2\/product\/678\/revisions\/707"}],"wp:featuredmedia":[{"embeddable":true,"href":"https:\/\/profenligne.ca\/en\/wp-json\/wp\/v2\/media\/704"}],"wp:attachment":[{"href":"https:\/\/profenligne.ca\/en\/wp-json\/wp\/v2\/media?parent=678"}],"wp:term":[{"taxonomy":"product_brand","embeddable":true,"href":"https:\/\/profenligne.ca\/en\/wp-json\/wp\/v2\/product_brand?post=678"},{"taxonomy":"product_cat","embeddable":true,"href":"https:\/\/profenligne.ca\/en\/wp-json\/wp\/v2\/product_cat?post=678"},{"taxonomy":"product_tag","embeddable":true,"href":"https:\/\/profenligne.ca\/en\/wp-json\/wp\/v2\/product_tag?post=678"}],"curies":[{"name":"wp","href":"https:\/\/api.w.org\/{rel}","templated":true}]}}