{"id":648,"date":"2025-07-18T19:45:12","date_gmt":"2025-07-18T19:45:12","guid":{"rendered":"https:\/\/profenligne.ca\/?post_type=product&#038;p=648"},"modified":"2025-08-23T00:21:59","modified_gmt":"2025-08-23T00:21:59","slug":"comprehension-lecture-animaux-en-australie","status":"publish","type":"product","link":"https:\/\/profenligne.ca\/en\/product\/comprehension-lecture-animaux-en-australie\/","title":{"rendered":"Compr\u00e9hension lecture animaux en Australie"},"content":{"rendered":"<p>Voici une petite compr\u00e9hension de lecture portant\u00a0sur 6\u00a0animaux que l\u2019on retrouve en Australie. Elle convient surtout aux \u00e9l\u00e8ves du 2e cycle.<\/p>\n<p>Vous retrouverez\u00a0:<\/p>\n<ul>\n<li>Un texte informatif en couleur et un en noir et blanc, ainsi qu&rsquo;une version en Times New Roman pour pouvoir \u00eatre utilis\u00e9 avec la synth\u00e8se vocale<\/li>\n<li>Un questionnaire (10 questions)<\/li>\n<li>Le corrig\u00e9<\/li>\n<li>Un quiz Forms que vous pouvez modifier \u00e0 votre guise et envoyer \u00e0 vos \u00e9l\u00e8ves.<\/li>\n<\/ul>\n<p>***\u00c9galement disponible dans l&rsquo;ensemble \u00e9conomique : Les animaux du monde<\/p>","protected":false},"excerpt":{"rendered":"<p>Voici une petite compr\u00e9hension de lecture portant\u00a0sur 6\u00a0animaux que l\u2019on retrouve en Australie. Elle convient surtout aux \u00e9l\u00e8ves du 2e cycle. Vous retrouverez\u00a0: Un texte informatif en couleur et un en noir et blanc, ainsi qu&rsquo;une version en Times New Roman pour pouvoir \u00eatre utilis\u00e9 avec la synth\u00e8se vocale Un questionnaire (10 questions) Le corrig\u00e9&#8230;<\/p>","protected":false},"featured_media":652,"template":"","meta":{"_kad_post_transparent":"default","_kad_post_title":"","_kad_post_layout":"default","_kad_post_sidebar_id":"","_kad_post_content_style":"default","_kad_post_vertical_padding":"default","_kad_post_feature":"","_kad_post_feature_position":"","_kad_post_header":false,"_kad_post_footer":false},"product_brand":[],"product_cat":[37,34,57],"product_tag":[96,475,184,143],"class_list":{"0":"post-648","1":"product","2":"type-product","3":"status-publish","4":"has-post-thumbnail","6":"product_cat-2e-cycle","7":"product_cat-francais","8":"product_cat-texte-informatif","9":"product_tag-animaux","10":"product_tag-australie","11":"product_tag-comprehension-lecture","12":"product_tag-texte-informatif","14":"first","15":"instock","16":"downloadable","17":"virtual","18":"purchasable","19":"product-type-simple","20":"entry","21":"content-bg","22":"loop-entry"},"jetpack_sharing_enabled":true,"_links":{"self":[{"href":"https:\/\/profenligne.ca\/en\/wp-json\/wp\/v2\/product\/648","targetHints":{"allow":["GET"]}}],"collection":[{"href":"https:\/\/profenligne.ca\/en\/wp-json\/wp\/v2\/product"}],"about":[{"href":"https:\/\/profenligne.ca\/en\/wp-json\/wp\/v2\/types\/product"}],"version-history":[{"count":3,"href":"https:\/\/profenligne.ca\/en\/wp-json\/wp\/v2\/product\/648\/revisions"}],"predecessor-version":[{"id":2309,"href":"https:\/\/profenligne.ca\/en\/wp-json\/wp\/v2\/product\/648\/revisions\/2309"}],"wp:featuredmedia":[{"embeddable":true,"href":"https:\/\/profenligne.ca\/en\/wp-json\/wp\/v2\/media\/652"}],"wp:attachment":[{"href":"https:\/\/profenligne.ca\/en\/wp-json\/wp\/v2\/media?parent=648"}],"wp:term":[{"taxonomy":"product_brand","embeddable":true,"href":"https:\/\/profenligne.ca\/en\/wp-json\/wp\/v2\/product_brand?post=648"},{"taxonomy":"product_cat","embeddable":true,"href":"https:\/\/profenligne.ca\/en\/wp-json\/wp\/v2\/product_cat?post=648"},{"taxonomy":"product_tag","embeddable":true,"href":"https:\/\/profenligne.ca\/en\/wp-json\/wp\/v2\/product_tag?post=648"}],"curies":[{"name":"wp","href":"https:\/\/api.w.org\/{rel}","templated":true}]}}