{"id":583,"date":"2025-07-18T18:56:31","date_gmt":"2025-07-18T18:56:31","guid":{"rendered":"https:\/\/profenligne.ca\/?post_type=product&#038;p=583"},"modified":"2025-08-23T19:23:58","modified_gmt":"2025-08-23T19:23:58","slug":"activite-interactive-nbr-decimaux-2e-cycle","status":"publish","type":"product","link":"https:\/\/profenligne.ca\/en\/product\/activite-interactive-nbr-decimaux-2e-cycle\/","title":{"rendered":"Activit\u00e9 interactive nbr d\u00e9cimaux-2e cycle"},"content":{"rendered":"<p>Voici une activit\u00e9 interactive et son format atelier (PDF non interactif), sur les nombres d\u00e9cimaux.\u00a0Cette activit\u00e9 permet de travailler avec vos \u00e9l\u00e8ves du 2e cycle, les nombres d\u00e9cimaux sous plusieurs formes.<\/p>\n<p>L&rsquo;activit\u00e9 comporte :<\/p>\n<ul>\n<li>Un petit rappel<\/li>\n<li>La comparaison de nombres d\u00e9cimaux (plus grand, plus petit ou \u00e9gal)<\/li>\n<li>L&rsquo;ordre croissant et d\u00e9croissant<\/li>\n<li>Arrondir les nombres d\u00e9cimaux au dixi\u00e8me et \u00e0 l&rsquo;unit\u00e9<\/li>\n<li>Additionner et soustraire des nombres d\u00e9cimaux<\/li>\n<li>Associer le nombre en chiffres \u00e0 leur quantit\u00e9 en lettres<\/li>\n<li>Un petit probl\u00e8me raisonner<\/li>\n<li>Petites devinettes<\/li>\n<\/ul>\n<p>Ce document comprend \u00e9galement la version PDF (non interactive) de l&rsquo;activit\u00e9, ainsi que son corrig\u00e9, afin d&rsquo;\u00eatre utilis\u00e9e en classe sous forme d&rsquo;atelier.<\/p>\n<p>*Corrig\u00e9 inclus<\/p>\n<p>IMPORTANT : La portion interactive fonctionne au TNI, sur les ordinateurs portables, ainsi que sur les Ipads (dans l&rsquo;application Power Point). Cela ne fonctionne malheureusement pas sur les Chromebooks.<\/p>","protected":false},"excerpt":{"rendered":"<p>Voici une activit\u00e9 interactive et son format atelier (PDF non interactif), sur les nombres d\u00e9cimaux.\u00a0Cette activit\u00e9 permet de travailler avec vos \u00e9l\u00e8ves du 2e cycle, les nombres d\u00e9cimaux sous plusieurs formes. L&rsquo;activit\u00e9 comporte : Un petit rappel La comparaison de nombres d\u00e9cimaux (plus grand, plus petit ou \u00e9gal) L&rsquo;ordre croissant et d\u00e9croissant Arrondir les nombres&#8230;<\/p>","protected":false},"featured_media":589,"template":"","meta":{"_kad_post_transparent":"default","_kad_post_title":"","_kad_post_layout":"default","_kad_post_sidebar_id":"","_kad_post_content_style":"default","_kad_post_vertical_padding":"default","_kad_post_feature":"","_kad_post_feature_position":"","_kad_post_header":false,"_kad_post_footer":false},"product_brand":[],"product_cat":[37,19,36],"product_tag":[82,483,560,22,306],"class_list":{"0":"post-583","1":"product","2":"type-product","3":"status-publish","4":"has-post-thumbnail","6":"product_cat-2e-cycle","7":"product_cat-activites-interactives","8":"product_cat-mathematique","9":"product_tag-activite","10":"product_tag-atelier","11":"product_tag-atelier-interactive","12":"product_tag-interactif","13":"product_tag-nombres-decimaux","15":"first","16":"instock","17":"downloadable","18":"virtual","19":"purchasable","20":"product-type-simple","21":"entry","22":"content-bg","23":"loop-entry"},"jetpack_sharing_enabled":true,"_links":{"self":[{"href":"https:\/\/profenligne.ca\/en\/wp-json\/wp\/v2\/product\/583","targetHints":{"allow":["GET"]}}],"collection":[{"href":"https:\/\/profenligne.ca\/en\/wp-json\/wp\/v2\/product"}],"about":[{"href":"https:\/\/profenligne.ca\/en\/wp-json\/wp\/v2\/types\/product"}],"version-history":[{"count":1,"href":"https:\/\/profenligne.ca\/en\/wp-json\/wp\/v2\/product\/583\/revisions"}],"predecessor-version":[{"id":593,"href":"https:\/\/profenligne.ca\/en\/wp-json\/wp\/v2\/product\/583\/revisions\/593"}],"wp:featuredmedia":[{"embeddable":true,"href":"https:\/\/profenligne.ca\/en\/wp-json\/wp\/v2\/media\/589"}],"wp:attachment":[{"href":"https:\/\/profenligne.ca\/en\/wp-json\/wp\/v2\/media?parent=583"}],"wp:term":[{"taxonomy":"product_brand","embeddable":true,"href":"https:\/\/profenligne.ca\/en\/wp-json\/wp\/v2\/product_brand?post=583"},{"taxonomy":"product_cat","embeddable":true,"href":"https:\/\/profenligne.ca\/en\/wp-json\/wp\/v2\/product_cat?post=583"},{"taxonomy":"product_tag","embeddable":true,"href":"https:\/\/profenligne.ca\/en\/wp-json\/wp\/v2\/product_tag?post=583"}],"curies":[{"name":"wp","href":"https:\/\/api.w.org\/{rel}","templated":true}]}}