{"id":573,"date":"2025-07-18T18:48:53","date_gmt":"2025-07-18T18:48:53","guid":{"rendered":"https:\/\/profenligne.ca\/?post_type=product&#038;p=573"},"modified":"2025-08-23T00:42:40","modified_gmt":"2025-08-23T00:42:40","slug":"inferences-saint-valentin-atelier","status":"publish","type":"product","link":"https:\/\/profenligne.ca\/en\/product\/inferences-saint-valentin-atelier\/","title":{"rendered":"Inf\u00e9rences Saint-Valentin &#8211; atelier"},"content":{"rendered":"<p>Voici un atelier de lecture pour travailler les inf\u00e9rences sur le th\u00e8me de la Saint-Valentin.<\/p>\n<p>Dans cet atelier, les \u00e9l\u00e8ves doivent retrouver qui est l&rsquo;auteur des petits messages d&rsquo;amiti\u00e9 secrets.<\/p>\n<p>Ce document comprend :<\/p>\n<ul>\n<li>12 personnages (6 filles et 6 gar\u00e7ons)<\/li>\n<li>12 petits messages anonymes<\/li>\n<li>une feuille pour inscrire les r\u00e9ponses<\/li>\n<li>corrig\u00e9 inclus<\/li>\n<\/ul>","protected":false},"excerpt":{"rendered":"<p>Voici un atelier de lecture pour travailler les inf\u00e9rences sur le th\u00e8me de la Saint-Valentin. Dans cet atelier, les \u00e9l\u00e8ves doivent retrouver qui est l&rsquo;auteur des petits messages d&rsquo;amiti\u00e9 secrets. Ce document comprend : 12 personnages (6 filles et 6 gar\u00e7ons) 12 petits messages anonymes une feuille pour inscrire les r\u00e9ponses corrig\u00e9 inclus<\/p>","protected":false},"featured_media":577,"template":"","meta":{"_kad_post_transparent":"default","_kad_post_title":"","_kad_post_layout":"default","_kad_post_sidebar_id":"","_kad_post_content_style":"default","_kad_post_vertical_padding":"default","_kad_post_feature":"","_kad_post_feature_position":"","_kad_post_header":false,"_kad_post_footer":false},"product_brand":[],"product_cat":[34,35],"product_tag":[158,483,207,365,157],"class_list":{"0":"post-573","1":"product","2":"type-product","3":"status-publish","4":"has-post-thumbnail","6":"product_cat-francais","7":"product_cat-saint-valentin","8":"product_tag-amitie","9":"product_tag-atelier","10":"product_tag-francais","11":"product_tag-inferences","12":"product_tag-saint-valentin","14":"first","15":"instock","16":"downloadable","17":"virtual","18":"purchasable","19":"product-type-simple","20":"entry","21":"content-bg","22":"loop-entry"},"jetpack_sharing_enabled":true,"_links":{"self":[{"href":"https:\/\/profenligne.ca\/en\/wp-json\/wp\/v2\/product\/573","targetHints":{"allow":["GET"]}}],"collection":[{"href":"https:\/\/profenligne.ca\/en\/wp-json\/wp\/v2\/product"}],"about":[{"href":"https:\/\/profenligne.ca\/en\/wp-json\/wp\/v2\/types\/product"}],"version-history":[{"count":2,"href":"https:\/\/profenligne.ca\/en\/wp-json\/wp\/v2\/product\/573\/revisions"}],"predecessor-version":[{"id":2318,"href":"https:\/\/profenligne.ca\/en\/wp-json\/wp\/v2\/product\/573\/revisions\/2318"}],"wp:featuredmedia":[{"embeddable":true,"href":"https:\/\/profenligne.ca\/en\/wp-json\/wp\/v2\/media\/577"}],"wp:attachment":[{"href":"https:\/\/profenligne.ca\/en\/wp-json\/wp\/v2\/media?parent=573"}],"wp:term":[{"taxonomy":"product_brand","embeddable":true,"href":"https:\/\/profenligne.ca\/en\/wp-json\/wp\/v2\/product_brand?post=573"},{"taxonomy":"product_cat","embeddable":true,"href":"https:\/\/profenligne.ca\/en\/wp-json\/wp\/v2\/product_cat?post=573"},{"taxonomy":"product_tag","embeddable":true,"href":"https:\/\/profenligne.ca\/en\/wp-json\/wp\/v2\/product_tag?post=573"}],"curies":[{"name":"wp","href":"https:\/\/api.w.org\/{rel}","templated":true}]}}