{"id":534,"date":"2025-07-18T17:55:23","date_gmt":"2025-07-18T17:55:23","guid":{"rendered":"https:\/\/profenligne.ca\/?post_type=product&#038;p=534"},"modified":"2025-08-23T20:03:20","modified_gmt":"2025-08-23T20:03:20","slug":"revision-francais-2e-cycle-quete-interactive","status":"publish","type":"product","link":"https:\/\/profenligne.ca\/en\/product\/revision-francais-2e-cycle-quete-interactive\/","title":{"rendered":"R\u00e9vision fran\u00e7ais &#8211; 2e cycle &#8211; qu\u00eate interactive"},"content":{"rendered":"<p>Voici une activit\u00e9 interactive de fran\u00e7ais \u00e0 faire en classe ou en ligne avec vos \u00e9l\u00e8ves.<\/p>\n<p>Permet la r\u00e9vision de divers concepts tels que :<\/p>\n<ul>\n<li>Les classes de mots<\/li>\n<li>Les verbes conjugu\u00e9s et \u00e0 l&rsquo;infinitif<\/li>\n<li>Les verbes \u00e0 l&rsquo;imparfait<\/li>\n<li>L&rsquo;homophone a\/as\/\u00e0<\/li>\n<li>La ponctuation<\/li>\n<li>Les adjectifs<\/li>\n<li>Deux petites charades<\/li>\n<\/ul>\n<p>Corrig\u00e9 inclus<\/p>\n<p>IMPORTANT : La portion interactive fonctionne au TNI, sur les ordinateurs portables, ainsi que sur les Ipads (dans l&rsquo;application Power Point). Cela ne fonctionne malheureusement pas sur les Chromebooks.<\/p>","protected":false},"excerpt":{"rendered":"<p>Voici une activit\u00e9 interactive de fran\u00e7ais \u00e0 faire en classe ou en ligne avec vos \u00e9l\u00e8ves. Permet la r\u00e9vision de divers concepts tels que : Les classes de mots Les verbes conjugu\u00e9s et \u00e0 l&rsquo;infinitif Les verbes \u00e0 l&rsquo;imparfait L&rsquo;homophone a\/as\/\u00e0 La ponctuation Les adjectifs Deux petites charades Corrig\u00e9 inclus IMPORTANT : La portion interactive&#8230;<\/p>","protected":false},"featured_media":560,"template":"","meta":{"_kad_post_transparent":"default","_kad_post_title":"","_kad_post_layout":"default","_kad_post_sidebar_id":"","_kad_post_content_style":"default","_kad_post_vertical_padding":"default","_kad_post_feature":"","_kad_post_feature_position":"","_kad_post_header":false,"_kad_post_footer":false},"product_brand":[],"product_cat":[37,19,34],"product_tag":[550,568,548,207,566,22,567,20,455],"class_list":{"0":"post-534","1":"product","2":"type-product","3":"status-publish","4":"has-post-thumbnail","6":"product_cat-2e-cycle","7":"product_cat-activites-interactives","8":"product_cat-francais","9":"product_tag-adjectif","10":"product_tag-charade","11":"product_tag-classe-de-mots","12":"product_tag-francais","13":"product_tag-homophone","14":"product_tag-interactif","15":"product_tag-ponctuation","16":"product_tag-revision","17":"product_tag-verbe","19":"first","20":"instock","21":"downloadable","22":"virtual","23":"purchasable","24":"product-type-simple","25":"entry","26":"content-bg","27":"loop-entry"},"jetpack_sharing_enabled":true,"_links":{"self":[{"href":"https:\/\/profenligne.ca\/en\/wp-json\/wp\/v2\/product\/534","targetHints":{"allow":["GET"]}}],"collection":[{"href":"https:\/\/profenligne.ca\/en\/wp-json\/wp\/v2\/product"}],"about":[{"href":"https:\/\/profenligne.ca\/en\/wp-json\/wp\/v2\/types\/product"}],"version-history":[{"count":1,"href":"https:\/\/profenligne.ca\/en\/wp-json\/wp\/v2\/product\/534\/revisions"}],"predecessor-version":[{"id":538,"href":"https:\/\/profenligne.ca\/en\/wp-json\/wp\/v2\/product\/534\/revisions\/538"}],"wp:featuredmedia":[{"embeddable":true,"href":"https:\/\/profenligne.ca\/en\/wp-json\/wp\/v2\/media\/560"}],"wp:attachment":[{"href":"https:\/\/profenligne.ca\/en\/wp-json\/wp\/v2\/media?parent=534"}],"wp:term":[{"taxonomy":"product_brand","embeddable":true,"href":"https:\/\/profenligne.ca\/en\/wp-json\/wp\/v2\/product_brand?post=534"},{"taxonomy":"product_cat","embeddable":true,"href":"https:\/\/profenligne.ca\/en\/wp-json\/wp\/v2\/product_cat?post=534"},{"taxonomy":"product_tag","embeddable":true,"href":"https:\/\/profenligne.ca\/en\/wp-json\/wp\/v2\/product_tag?post=534"}],"curies":[{"name":"wp","href":"https:\/\/api.w.org\/{rel}","templated":true}]}}