{"id":527,"date":"2025-07-18T17:47:21","date_gmt":"2025-07-18T17:47:21","guid":{"rendered":"https:\/\/profenligne.ca\/?post_type=product&#038;p=527"},"modified":"2025-08-23T00:50:15","modified_gmt":"2025-08-23T00:50:15","slug":"evaluation-constellations-2e-cycle","status":"publish","type":"product","link":"https:\/\/profenligne.ca\/en\/product\/evaluation-constellations-2e-cycle\/","title":{"rendered":"\u00c9valuation constellations &#8211; 2e cycle"},"content":{"rendered":"<p>\u00c9valuation sur les constellations\u00a0pour le 2e cycle.<\/p>\n<p>Aborde \u00e9galement l&rsquo;utilisation d&rsquo;un cherche-\u00e9toiles.<\/p>\n<p>Corrig\u00e9 inclus<\/p>","protected":false},"excerpt":{"rendered":"<p>\u00c9valuation sur les constellations\u00a0pour le 2e cycle. Aborde \u00e9galement l&rsquo;utilisation d&rsquo;un cherche-\u00e9toiles. Corrig\u00e9 inclus<\/p>","protected":false},"featured_media":532,"template":"","meta":{"_kad_post_transparent":"default","_kad_post_title":"","_kad_post_layout":"default","_kad_post_sidebar_id":"","_kad_post_content_style":"default","_kad_post_vertical_padding":"default","_kad_post_feature":"","_kad_post_feature_position":"","_kad_post_header":false,"_kad_post_footer":false},"product_brand":[],"product_cat":[37,33],"product_tag":[573,291,572],"class_list":{"0":"post-527","1":"product","2":"type-product","3":"status-publish","4":"has-post-thumbnail","6":"product_cat-2e-cycle","7":"product_cat-science","8":"product_tag-constellations","9":"product_tag-evaluation","10":"product_tag-sciences","12":"first","13":"instock","14":"downloadable","15":"virtual","16":"purchasable","17":"product-type-simple","18":"entry","19":"content-bg","20":"loop-entry"},"jetpack_sharing_enabled":true,"_links":{"self":[{"href":"https:\/\/profenligne.ca\/en\/wp-json\/wp\/v2\/product\/527","targetHints":{"allow":["GET"]}}],"collection":[{"href":"https:\/\/profenligne.ca\/en\/wp-json\/wp\/v2\/product"}],"about":[{"href":"https:\/\/profenligne.ca\/en\/wp-json\/wp\/v2\/types\/product"}],"version-history":[{"count":1,"href":"https:\/\/profenligne.ca\/en\/wp-json\/wp\/v2\/product\/527\/revisions"}],"predecessor-version":[{"id":533,"href":"https:\/\/profenligne.ca\/en\/wp-json\/wp\/v2\/product\/527\/revisions\/533"}],"wp:featuredmedia":[{"embeddable":true,"href":"https:\/\/profenligne.ca\/en\/wp-json\/wp\/v2\/media\/532"}],"wp:attachment":[{"href":"https:\/\/profenligne.ca\/en\/wp-json\/wp\/v2\/media?parent=527"}],"wp:term":[{"taxonomy":"product_brand","embeddable":true,"href":"https:\/\/profenligne.ca\/en\/wp-json\/wp\/v2\/product_brand?post=527"},{"taxonomy":"product_cat","embeddable":true,"href":"https:\/\/profenligne.ca\/en\/wp-json\/wp\/v2\/product_cat?post=527"},{"taxonomy":"product_tag","embeddable":true,"href":"https:\/\/profenligne.ca\/en\/wp-json\/wp\/v2\/product_tag?post=527"}],"curies":[{"name":"wp","href":"https:\/\/api.w.org\/{rel}","templated":true}]}}