{"id":3510,"date":"2026-04-26T08:29:07","date_gmt":"2026-04-26T13:29:07","guid":{"rendered":"https:\/\/profenligne.ca\/?post_type=product&#038;p=3510"},"modified":"2026-04-26T08:29:07","modified_gmt":"2026-04-26T13:29:07","slug":"la-folie-des-series","status":"publish","type":"product","link":"https:\/\/profenligne.ca\/en\/product\/la-folie-des-series\/","title":{"rendered":"La folie des s\u00e9ries"},"content":{"rendered":"<p>Plongez vos \u00e9l\u00e8ves dans l\u2019univers passionnant du hockey avec cette compr\u00e9hension de lecture captivante sur les <strong>s\u00e9ries de la LNH<\/strong> ! Parfaite pour les amateurs de sport comme pour les \u00e9l\u00e8ves curieux.<\/p>\n<p>\u00c0 travers un texte informatif, les \u00e9l\u00e8ves d\u00e9couvriront l\u2019origine de la LNH, le fonctionnement des s\u00e9ries \u00e9liminatoires et ce qui les distingue des matchs de saison r\u00e9guli\u00e8re. Ils en apprendront aussi davantage sur la Coupe Stanley, diff\u00e9rentes \u00e9quipes marquantes, plusieurs joueurs importants de l\u2019histoire du hockey, ainsi que sur les mythiques Canadiens de Montr\u00e9al, leur histoire et certains joueurs actuels.<\/p>\n<p><u>Ce document comprend :<\/u><\/p>\n<ul>\n<li>4 pages de texte informatif<\/li>\n<li>12 questions vari\u00e9es (rep\u00e9rage, inf\u00e9rence, r\u00e9action et appr\u00e9ciation)<\/li>\n<li>Un lien Forms que vous pouvez modifier avant de l\u2019envoyer \u00e0 vos \u00e9l\u00e8ves<\/li>\n<li>Un corrig\u00e9 complet<\/li>\n<li>Mots cach\u00e9<\/li>\n<\/ul>","protected":false},"excerpt":{"rendered":"<p>Plongez vos \u00e9l\u00e8ves dans l\u2019univers passionnant du hockey avec cette compr\u00e9hension de lecture captivante sur les s\u00e9ries de la LNH ! Parfaite pour les amateurs de sport comme pour les \u00e9l\u00e8ves curieux. \u00c0 travers un texte informatif, les \u00e9l\u00e8ves d\u00e9couvriront l\u2019origine de la LNH, le fonctionnement des s\u00e9ries \u00e9liminatoires et ce qui les distingue des&#8230;<\/p>","protected":false},"featured_media":3514,"template":"","meta":{"_kad_post_transparent":"default","_kad_post_title":"","_kad_post_layout":"default","_kad_post_sidebar_id":"","_kad_post_content_style":"default","_kad_post_vertical_padding":"default","_kad_post_feature":"","_kad_post_feature_position":"","_kad_post_header":false,"_kad_post_footer":false},"product_brand":[],"product_cat":[37,38,34,57],"product_tag":[662,92,661,657,660,659,658,143],"class_list":{"0":"post-3510","1":"product","2":"type-product","3":"status-publish","4":"has-post-thumbnail","6":"product_cat-2e-cycle","7":"product_cat-3e-cycle","8":"product_cat-francais","9":"product_cat-texte-informatif","10":"product_tag-canadiens-de-montreal","11":"product_tag-comprehension-de-lecture","12":"product_tag-coupe-stanley","13":"product_tag-hockey","14":"product_tag-ligue-nationale-de-hockey","15":"product_tag-lnh","16":"product_tag-series-eliminatoires","17":"product_tag-texte-informatif","19":"first","20":"instock","21":"downloadable","22":"virtual","23":"purchasable","24":"product-type-simple","25":"entry","26":"content-bg","27":"loop-entry"},"jetpack_sharing_enabled":true,"_links":{"self":[{"href":"https:\/\/profenligne.ca\/en\/wp-json\/wp\/v2\/product\/3510","targetHints":{"allow":["GET"]}}],"collection":[{"href":"https:\/\/profenligne.ca\/en\/wp-json\/wp\/v2\/product"}],"about":[{"href":"https:\/\/profenligne.ca\/en\/wp-json\/wp\/v2\/types\/product"}],"version-history":[{"count":2,"href":"https:\/\/profenligne.ca\/en\/wp-json\/wp\/v2\/product\/3510\/revisions"}],"predecessor-version":[{"id":3516,"href":"https:\/\/profenligne.ca\/en\/wp-json\/wp\/v2\/product\/3510\/revisions\/3516"}],"wp:featuredmedia":[{"embeddable":true,"href":"https:\/\/profenligne.ca\/en\/wp-json\/wp\/v2\/media\/3514"}],"wp:attachment":[{"href":"https:\/\/profenligne.ca\/en\/wp-json\/wp\/v2\/media?parent=3510"}],"wp:term":[{"taxonomy":"product_brand","embeddable":true,"href":"https:\/\/profenligne.ca\/en\/wp-json\/wp\/v2\/product_brand?post=3510"},{"taxonomy":"product_cat","embeddable":true,"href":"https:\/\/profenligne.ca\/en\/wp-json\/wp\/v2\/product_cat?post=3510"},{"taxonomy":"product_tag","embeddable":true,"href":"https:\/\/profenligne.ca\/en\/wp-json\/wp\/v2\/product_tag?post=3510"}],"curies":[{"name":"wp","href":"https:\/\/api.w.org\/{rel}","templated":true}]}}