{"id":3461,"date":"2026-04-12T10:14:59","date_gmt":"2026-04-12T15:14:59","guid":{"rendered":"https:\/\/profenligne.ca\/?post_type=product&#038;p=3461"},"modified":"2026-04-12T10:14:59","modified_gmt":"2026-04-12T15:14:59","slug":"un-vol-a-la-cabane-a-sucre","status":"publish","type":"product","link":"https:\/\/profenligne.ca\/en\/product\/un-vol-a-la-cabane-a-sucre\/","title":{"rendered":"Un vol \u00e0 la cabane \u00e0 sucre"},"content":{"rendered":"<p>Plongez vos \u00e9l\u00e8ves dans une enqu\u00eate intrigante et immersive au c\u0153ur d\u2019une cabane \u00e0 sucre ! Un pr\u00e9cieux sirop d\u2019\u00e9rable a disparu\u2026 Saurez-vous d\u00e9couvrir le coupable ?<\/p>\n<p>Cette activit\u00e9 stimulante permet aux \u00e9l\u00e8ves de d\u00e9velopper leurs comp\u00e9tences en lecture tout en s\u2019amusant.<\/p>\n<p><u>Ce document comprend :<\/u><\/p>\n<ul>\n<li>Un texte\u00a0d\u2019environ 700 mots<\/li>\n<li>13 questions vari\u00e9es (rep\u00e9rage, inf\u00e9rence, interpr\u00e9tation)<\/li>\n<li>Un mots cach\u00e9s sur le th\u00e8me de la cabane \u00e0 sucre<\/li>\n<li>Un corrig\u00e9<\/li>\n<\/ul>","protected":false},"excerpt":{"rendered":"<p>Plongez vos \u00e9l\u00e8ves dans une enqu\u00eate intrigante et immersive au c\u0153ur d\u2019une cabane \u00e0 sucre ! Un pr\u00e9cieux sirop d\u2019\u00e9rable a disparu\u2026 Saurez-vous d\u00e9couvrir le coupable ? Cette activit\u00e9 stimulante permet aux \u00e9l\u00e8ves de d\u00e9velopper leurs comp\u00e9tences en lecture tout en s\u2019amusant. Ce document comprend : Un texte\u00a0d\u2019environ 700 mots 13 questions vari\u00e9es (rep\u00e9rage, inf\u00e9rence,&#8230;<\/p>","protected":false},"featured_media":3466,"template":"","meta":{"_kad_post_transparent":"default","_kad_post_title":"","_kad_post_layout":"default","_kad_post_sidebar_id":"","_kad_post_content_style":"default","_kad_post_vertical_padding":"default","_kad_post_feature":"","_kad_post_feature_position":"","_kad_post_header":false,"_kad_post_footer":false},"product_brand":[],"product_cat":[37,38,34,43,56],"product_tag":[654,92,126,655,159,127,110,653,552,148,656],"class_list":{"0":"post-3461","1":"product","2":"type-product","3":"status-publish","4":"has-post-thumbnail","6":"product_cat-2e-cycle","7":"product_cat-3e-cycle","8":"product_cat-francais","9":"product_cat-paques","10":"product_cat-texte-narratif","11":"product_tag-cabane-a-sucre","12":"product_tag-comprehension-de-lecture","13":"product_tag-enquete","14":"product_tag-erabliere","15":"product_tag-inference","16":"product_tag-mystere","17":"product_tag-printemps","18":"product_tag-reaction","19":"product_tag-reperage","20":"product_tag-texte-narratif","21":"product_tag-vol","23":"first","24":"instock","25":"downloadable","26":"virtual","27":"purchasable","28":"product-type-simple","29":"entry","30":"content-bg","31":"loop-entry"},"jetpack_sharing_enabled":true,"_links":{"self":[{"href":"https:\/\/profenligne.ca\/en\/wp-json\/wp\/v2\/product\/3461","targetHints":{"allow":["GET"]}}],"collection":[{"href":"https:\/\/profenligne.ca\/en\/wp-json\/wp\/v2\/product"}],"about":[{"href":"https:\/\/profenligne.ca\/en\/wp-json\/wp\/v2\/types\/product"}],"version-history":[{"count":1,"href":"https:\/\/profenligne.ca\/en\/wp-json\/wp\/v2\/product\/3461\/revisions"}],"predecessor-version":[{"id":3467,"href":"https:\/\/profenligne.ca\/en\/wp-json\/wp\/v2\/product\/3461\/revisions\/3467"}],"wp:featuredmedia":[{"embeddable":true,"href":"https:\/\/profenligne.ca\/en\/wp-json\/wp\/v2\/media\/3466"}],"wp:attachment":[{"href":"https:\/\/profenligne.ca\/en\/wp-json\/wp\/v2\/media?parent=3461"}],"wp:term":[{"taxonomy":"product_brand","embeddable":true,"href":"https:\/\/profenligne.ca\/en\/wp-json\/wp\/v2\/product_brand?post=3461"},{"taxonomy":"product_cat","embeddable":true,"href":"https:\/\/profenligne.ca\/en\/wp-json\/wp\/v2\/product_cat?post=3461"},{"taxonomy":"product_tag","embeddable":true,"href":"https:\/\/profenligne.ca\/en\/wp-json\/wp\/v2\/product_tag?post=3461"}],"curies":[{"name":"wp","href":"https:\/\/api.w.org\/{rel}","templated":true}]}}