{"id":3385,"date":"2026-03-26T15:14:42","date_gmt":"2026-03-26T20:14:42","guid":{"rendered":"https:\/\/profenligne.ca\/?post_type=product&#038;p=3385"},"modified":"2026-03-26T15:40:07","modified_gmt":"2026-03-26T20:40:07","slug":"les-plus-grandes-blagues-de-lhistoire-comprehension-lecture","status":"publish","type":"product","link":"https:\/\/profenligne.ca\/en\/product\/les-plus-grandes-blagues-de-lhistoire-comprehension-lecture\/","title":{"rendered":"Les plus grandes blagues de l&rsquo;histoire &#8211; compr\u00e9hension lecture"},"content":{"rendered":"<p>Voici une compr\u00e9hension de lecture captivante pour le 1er avril !<\/p>\n<p>Faites d\u00e9couvrir \u00e0 vos \u00e9l\u00e8ves l\u2019univers amusant des blagues c\u00e9l\u00e8bres \u00e0 travers le temps ! Ce texte engageant sur le th\u00e8me du poisson d\u2019avril saura piquer leur curiosit\u00e9 tout en d\u00e9veloppant leurs comp\u00e9tences en lecture et en r\u00e9flexion.<\/p>\n<p>Parfait pour les \u00e9l\u00e8ves du 2e et 3e cycle du primaire, ce document combine humour, culture g\u00e9n\u00e9rale et esprit critique.<\/p>\n<p><strong>Ce document comprend :\u00a0<\/strong><\/p>\n<ul>\n<li>3 pages de texte (environ 650 mots)<\/li>\n<li>11 questions vari\u00e9es (rep\u00e9rage, interpr\u00e9tation, r\u00e9action, appr\u00e9ciation)<\/li>\n<li>Un lien Forms que vous pouvez modifier avant de l\u2019envoyer \u00e0 vos \u00e9l\u00e8ves<\/li>\n<li>Un corrig\u00e9 complet<\/li>\n<li>Une activit\u00e9 compl\u00e9mentaire en lien avec le texte (coloriage et poisson \u00e0 coller dans le dos)<\/li>\n<li>Un mots cach\u00e9s th\u00e9matique<\/li>\n<\/ul>","protected":false},"excerpt":{"rendered":"<p>Voici une compr\u00e9hension de lecture captivante pour le 1er avril ! Faites d\u00e9couvrir \u00e0 vos \u00e9l\u00e8ves l\u2019univers amusant des blagues c\u00e9l\u00e8bres \u00e0 travers le temps ! Ce texte engageant sur le th\u00e8me du poisson d\u2019avril saura piquer leur curiosit\u00e9 tout en d\u00e9veloppant leurs comp\u00e9tences en lecture et en r\u00e9flexion. Parfait pour les \u00e9l\u00e8ves du 2e&#8230;<\/p>","protected":false},"featured_media":3389,"template":"","meta":{"_kad_post_transparent":"default","_kad_post_title":"","_kad_post_layout":"default","_kad_post_sidebar_id":"","_kad_post_content_style":"default","_kad_post_vertical_padding":"default","_kad_post_feature":"","_kad_post_feature_position":"","_kad_post_header":false,"_kad_post_footer":false},"product_brand":[],"product_cat":[37,38,34,45,57],"product_tag":[145,613,92,651,159,652,261,653,552,143],"class_list":{"0":"post-3385","1":"product","2":"type-product","3":"status-publish","4":"has-post-thumbnail","6":"product_cat-2e-cycle","7":"product_cat-3e-cycle","8":"product_cat-francais","9":"product_cat-poisson-davril","10":"product_cat-texte-informatif","11":"product_tag-avril","12":"product_tag-blague","13":"product_tag-comprehension-de-lecture","14":"product_tag-farce","15":"product_tag-inference","16":"product_tag-les-plus-grandes-blagues-de-lhistoire","17":"product_tag-poisson-davril","18":"product_tag-reaction","19":"product_tag-reperage","20":"product_tag-texte-informatif","22":"first","23":"instock","24":"downloadable","25":"virtual","26":"purchasable","27":"product-type-simple","28":"entry","29":"content-bg","30":"loop-entry"},"jetpack_sharing_enabled":true,"_links":{"self":[{"href":"https:\/\/profenligne.ca\/en\/wp-json\/wp\/v2\/product\/3385","targetHints":{"allow":["GET"]}}],"collection":[{"href":"https:\/\/profenligne.ca\/en\/wp-json\/wp\/v2\/product"}],"about":[{"href":"https:\/\/profenligne.ca\/en\/wp-json\/wp\/v2\/types\/product"}],"version-history":[{"count":1,"href":"https:\/\/profenligne.ca\/en\/wp-json\/wp\/v2\/product\/3385\/revisions"}],"predecessor-version":[{"id":3390,"href":"https:\/\/profenligne.ca\/en\/wp-json\/wp\/v2\/product\/3385\/revisions\/3390"}],"wp:featuredmedia":[{"embeddable":true,"href":"https:\/\/profenligne.ca\/en\/wp-json\/wp\/v2\/media\/3389"}],"wp:attachment":[{"href":"https:\/\/profenligne.ca\/en\/wp-json\/wp\/v2\/media?parent=3385"}],"wp:term":[{"taxonomy":"product_brand","embeddable":true,"href":"https:\/\/profenligne.ca\/en\/wp-json\/wp\/v2\/product_brand?post=3385"},{"taxonomy":"product_cat","embeddable":true,"href":"https:\/\/profenligne.ca\/en\/wp-json\/wp\/v2\/product_cat?post=3385"},{"taxonomy":"product_tag","embeddable":true,"href":"https:\/\/profenligne.ca\/en\/wp-json\/wp\/v2\/product_tag?post=3385"}],"curies":[{"name":"wp","href":"https:\/\/api.w.org\/{rel}","templated":true}]}}