{"id":3360,"date":"2026-03-22T07:25:11","date_gmt":"2026-03-22T12:25:11","guid":{"rendered":"https:\/\/profenligne.ca\/?post_type=product&#038;p=3360"},"modified":"2026-03-22T07:25:12","modified_gmt":"2026-03-22T12:25:12","slug":"rallye-informatique-sur-la-piste-du-chocolat","status":"publish","type":"product","link":"https:\/\/profenligne.ca\/en\/product\/rallye-informatique-sur-la-piste-du-chocolat\/","title":{"rendered":"Rallye informatique &#8211; Sur la piste du chocolat"},"content":{"rendered":"<p>Voici un petit rallye informatique sur le chocolat (id\u00e9al pour P\u00e2ques), qui saura assur\u00e9ment plaire \u00e0 vos \u00e9l\u00e8ves !<\/p>\n<p>Id\u00e9al pour les \u00e9l\u00e8ves du 2e cycle et du 3e cycle.<\/p>\n<p><u>Ce document comprend :<\/u><\/p>\n<ul>\n<li>Une feuille de rallye informatique (10 questions)<\/li>\n<li>Un mots crois\u00e9s \u00e0 remplir avec les r\u00e9ponses obtenues lors de la recherche<\/li>\n<li>Un corrig\u00e9<\/li>\n<\/ul>","protected":false},"excerpt":{"rendered":"<p>Voici un petit rallye informatique sur le chocolat (id\u00e9al pour P\u00e2ques), qui saura assur\u00e9ment plaire \u00e0 vos \u00e9l\u00e8ves ! Id\u00e9al pour les \u00e9l\u00e8ves du 2e cycle et du 3e cycle. Ce document comprend : Une feuille de rallye informatique (10 questions) Un mots crois\u00e9s \u00e0 remplir avec les r\u00e9ponses obtenues lors de la recherche Un&#8230;<\/p>","protected":false},"featured_media":3363,"template":"","meta":{"_kad_post_transparent":"default","_kad_post_title":"","_kad_post_layout":"default","_kad_post_sidebar_id":"","_kad_post_content_style":"default","_kad_post_vertical_padding":"default","_kad_post_feature":"","_kad_post_feature_position":"","_kad_post_header":false,"_kad_post_footer":false},"product_brand":[],"product_cat":[37,38,43,58],"product_tag":[175,144,147,541,137,122,650,136,645,123],"class_list":{"0":"post-3360","1":"product","2":"type-product","3":"status-publish","4":"has-post-thumbnail","6":"product_cat-2e-cycle","7":"product_cat-3e-cycle","8":"product_cat-paques","9":"product_cat-rallye-informatique","10":"product_tag-alimentation","11":"product_tag-chocolat","12":"product_tag-ipad","13":"product_tag-nourriture","14":"product_tag-paques","15":"product_tag-rallye-informatique","16":"product_tag-rallye-informatique-chocolat","17":"product_tag-recherche","18":"product_tag-recherche-informatique","19":"product_tag-technologie","21":"first","22":"instock","23":"downloadable","24":"virtual","25":"purchasable","26":"product-type-simple","27":"entry","28":"content-bg","29":"loop-entry"},"jetpack_sharing_enabled":true,"_links":{"self":[{"href":"https:\/\/profenligne.ca\/en\/wp-json\/wp\/v2\/product\/3360","targetHints":{"allow":["GET"]}}],"collection":[{"href":"https:\/\/profenligne.ca\/en\/wp-json\/wp\/v2\/product"}],"about":[{"href":"https:\/\/profenligne.ca\/en\/wp-json\/wp\/v2\/types\/product"}],"version-history":[{"count":1,"href":"https:\/\/profenligne.ca\/en\/wp-json\/wp\/v2\/product\/3360\/revisions"}],"predecessor-version":[{"id":3364,"href":"https:\/\/profenligne.ca\/en\/wp-json\/wp\/v2\/product\/3360\/revisions\/3364"}],"wp:featuredmedia":[{"embeddable":true,"href":"https:\/\/profenligne.ca\/en\/wp-json\/wp\/v2\/media\/3363"}],"wp:attachment":[{"href":"https:\/\/profenligne.ca\/en\/wp-json\/wp\/v2\/media?parent=3360"}],"wp:term":[{"taxonomy":"product_brand","embeddable":true,"href":"https:\/\/profenligne.ca\/en\/wp-json\/wp\/v2\/product_brand?post=3360"},{"taxonomy":"product_cat","embeddable":true,"href":"https:\/\/profenligne.ca\/en\/wp-json\/wp\/v2\/product_cat?post=3360"},{"taxonomy":"product_tag","embeddable":true,"href":"https:\/\/profenligne.ca\/en\/wp-json\/wp\/v2\/product_tag?post=3360"}],"curies":[{"name":"wp","href":"https:\/\/api.w.org\/{rel}","templated":true}]}}