{"id":3280,"date":"2026-02-25T12:40:13","date_gmt":"2026-02-25T17:40:13","guid":{"rendered":"https:\/\/profenligne.ca\/?post_type=product&#038;p=3280"},"modified":"2026-02-25T12:40:13","modified_gmt":"2026-02-25T17:40:13","slug":"ccq-les-differences","status":"publish","type":"product","link":"https:\/\/profenligne.ca\/en\/product\/ccq-les-differences\/","title":{"rendered":"CCQ &#8211; Les diff\u00e9rences"},"content":{"rendered":"<p>Voici une belle activit\u00e9 afin d&rsquo;exploiter l&rsquo;album <strong>Les mal-aim\u00e9s\u00a0<\/strong>\u00e9crit et illustr\u00e9 par Magalie Element et publi\u00e9 par Alaska.<\/p>\n<p>Cette activit\u00e9 am\u00e8ne les \u00e9l\u00e8ves \u00e0 r\u00e9fl\u00e9chir sur les diff\u00e9rences (autant chez les l\u00e9gumes que chez les personnes), aux leurs go\u00fbts et pourquoi certaines personnes sont parfois mises \u00e0 l&rsquo;\u00e9cart, ainsi que des actions qu&rsquo;ils peuvent faire pour y rem\u00e9dier.<\/p>\n<p><u>Cette activit\u00e9 comprend :<\/u><\/p>\n<ul>\n<li>Une fiche p\u00e9dagogique\u00a0en lien avec la lecture de l&rsquo;album Les mal-aim\u00e9s ;<\/li>\n<li>Une activit\u00e9\u00a0o\u00f9 les \u00e9l\u00e8ves doivent\u00a0associer une s\u00e9rie de l\u00e9gumes \u00e0 une cat\u00e9gorie\u00a0(aim\u00e9s, mal-aim\u00e9s, corrects ) ;<\/li>\n<li>Deux pages de r\u00e9flexion sur la diff\u00e9rence ;<\/li>\n<li>Une activit\u00e9 de 5@7 ayant pour titre : Le l\u00e9gume rejet\u00e9 ;<\/li>\n<li>Un corrig\u00e9.<\/li>\n<\/ul>","protected":false},"excerpt":{"rendered":"<p>Voici une belle activit\u00e9 afin d&rsquo;exploiter l&rsquo;album Les mal-aim\u00e9s\u00a0\u00e9crit et illustr\u00e9 par Magalie Element et publi\u00e9 par Alaska. Cette activit\u00e9 am\u00e8ne les \u00e9l\u00e8ves \u00e0 r\u00e9fl\u00e9chir sur les diff\u00e9rences (autant chez les l\u00e9gumes que chez les personnes), aux leurs go\u00fbts et pourquoi certaines personnes sont parfois mises \u00e0 l&rsquo;\u00e9cart, ainsi que des actions qu&rsquo;ils peuvent faire&#8230;<\/p>","protected":false},"featured_media":3284,"template":"","meta":{"_kad_post_transparent":"default","_kad_post_title":"","_kad_post_layout":"default","_kad_post_sidebar_id":"","_kad_post_content_style":"default","_kad_post_vertical_padding":"default","_kad_post_feature":"","_kad_post_feature_position":"","_kad_post_header":false,"_kad_post_footer":false},"product_brand":[],"product_cat":[37,38,647,47,34],"product_tag":[23,85,276,332,648,649,278],"class_list":{"0":"post-3280","1":"product","2":"type-product","3":"status-publish","4":"has-post-thumbnail","6":"product_cat-2e-cycle","7":"product_cat-3e-cycle","8":"product_cat-alimentation","9":"product_cat-ccq","10":"product_cat-francais","11":"product_tag-2e-cycle","12":"product_tag-ccq","13":"product_tag-ethique-et-culture-religieuse","14":"product_tag-fiches-pedagogiques","15":"product_tag-les-differences","16":"product_tag-les-mal-aimes","17":"product_tag-litterature-jeunesse","19":"first","20":"instock","21":"downloadable","22":"virtual","23":"purchasable","24":"product-type-simple","25":"entry","26":"content-bg","27":"loop-entry"},"jetpack_sharing_enabled":true,"_links":{"self":[{"href":"https:\/\/profenligne.ca\/en\/wp-json\/wp\/v2\/product\/3280","targetHints":{"allow":["GET"]}}],"collection":[{"href":"https:\/\/profenligne.ca\/en\/wp-json\/wp\/v2\/product"}],"about":[{"href":"https:\/\/profenligne.ca\/en\/wp-json\/wp\/v2\/types\/product"}],"version-history":[{"count":2,"href":"https:\/\/profenligne.ca\/en\/wp-json\/wp\/v2\/product\/3280\/revisions"}],"predecessor-version":[{"id":3286,"href":"https:\/\/profenligne.ca\/en\/wp-json\/wp\/v2\/product\/3280\/revisions\/3286"}],"wp:featuredmedia":[{"embeddable":true,"href":"https:\/\/profenligne.ca\/en\/wp-json\/wp\/v2\/media\/3284"}],"wp:attachment":[{"href":"https:\/\/profenligne.ca\/en\/wp-json\/wp\/v2\/media?parent=3280"}],"wp:term":[{"taxonomy":"product_brand","embeddable":true,"href":"https:\/\/profenligne.ca\/en\/wp-json\/wp\/v2\/product_brand?post=3280"},{"taxonomy":"product_cat","embeddable":true,"href":"https:\/\/profenligne.ca\/en\/wp-json\/wp\/v2\/product_cat?post=3280"},{"taxonomy":"product_tag","embeddable":true,"href":"https:\/\/profenligne.ca\/en\/wp-json\/wp\/v2\/product_tag?post=3280"}],"curies":[{"name":"wp","href":"https:\/\/api.w.org\/{rel}","templated":true}]}}