{"id":2710,"date":"2025-11-25T21:13:59","date_gmt":"2025-11-26T02:13:59","guid":{"rendered":"https:\/\/profenligne.ca\/?post_type=product&#038;p=2710"},"modified":"2025-11-25T21:13:59","modified_gmt":"2025-11-26T02:13:59","slug":"communication-orale-de-noel-top-secret-mon-invention-de-noel","status":"publish","type":"product","link":"https:\/\/profenligne.ca\/en\/product\/communication-orale-de-noel-top-secret-mon-invention-de-noel\/","title":{"rendered":"Communication orale de No\u00ebl : Top secret &#8211; Mon invention de No\u00ebl"},"content":{"rendered":"<p><strong>Offrez \u00e0 vos \u00e9l\u00e8ves une exp\u00e9rience de communication orale aussi cr\u00e9ative que magique !<\/strong><\/p>\n<p>Avec Top secret : Mon invention de No\u00ebl, vos \u00e9l\u00e8ves deviennent des inventeurs du P\u00f4le Nord pr\u00eats \u00e0 pr\u00e9senter la cr\u00e9ation d&rsquo;un nouveau jouet farfelu, amusant ou ing\u00e9nieux.<\/p>\n<p><u>Ce document comprend:\u00a0<\/u><\/p>\n<ul>\n<li>Une feuille de pr\u00e9sentation<\/li>\n<li>Un plan guid\u00e9<\/li>\n<li>Un espace pour un croquis<\/li>\n<li>Une grille d\u2019\u00e9valuation compl\u00e8te<\/li>\n<\/ul>\n<p>Le tout permettant aux \u00e9l\u00e8ves de structurer facilement leur pr\u00e9sentation tout en laissant place \u00e0 l\u2019imagination.<\/p>","protected":false},"excerpt":{"rendered":"<p>Offrez \u00e0 vos \u00e9l\u00e8ves une exp\u00e9rience de communication orale aussi cr\u00e9ative que magique ! Avec Top secret : Mon invention de No\u00ebl, vos \u00e9l\u00e8ves deviennent des inventeurs du P\u00f4le Nord pr\u00eats \u00e0 pr\u00e9senter la cr\u00e9ation d&rsquo;un nouveau jouet farfelu, amusant ou ing\u00e9nieux. Ce document comprend:\u00a0 Une feuille de pr\u00e9sentation Un plan guid\u00e9 Un espace pour&#8230;<\/p>","protected":false},"featured_media":2715,"template":"","meta":{"_kad_post_transparent":"default","_kad_post_title":"","_kad_post_layout":"default","_kad_post_sidebar_id":"","_kad_post_content_style":"default","_kad_post_vertical_padding":"default","_kad_post_feature":"","_kad_post_feature_position":"","_kad_post_header":false,"_kad_post_footer":false},"product_brand":[],"product_cat":[37,38,34,52],"product_tag":[606,610,192,608,185,389,609,607],"class_list":{"0":"post-2710","1":"product","2":"type-product","3":"status-publish","4":"has-post-thumbnail","6":"product_cat-2e-cycle","7":"product_cat-3e-cycle","8":"product_cat-francais","9":"product_cat-noel","10":"product_tag-communication-orale-de-noel","11":"product_tag-creation-dun-jouet","12":"product_tag-decembre","13":"product_tag-invention","14":"product_tag-pere-noel","15":"product_tag-pole-nord","16":"product_tag-presentation-orale","17":"product_tag-top-secret","19":"first","20":"instock","21":"downloadable","22":"virtual","23":"purchasable","24":"product-type-simple","25":"entry","26":"content-bg","27":"loop-entry"},"jetpack_sharing_enabled":true,"_links":{"self":[{"href":"https:\/\/profenligne.ca\/en\/wp-json\/wp\/v2\/product\/2710","targetHints":{"allow":["GET"]}}],"collection":[{"href":"https:\/\/profenligne.ca\/en\/wp-json\/wp\/v2\/product"}],"about":[{"href":"https:\/\/profenligne.ca\/en\/wp-json\/wp\/v2\/types\/product"}],"version-history":[{"count":2,"href":"https:\/\/profenligne.ca\/en\/wp-json\/wp\/v2\/product\/2710\/revisions"}],"predecessor-version":[{"id":2717,"href":"https:\/\/profenligne.ca\/en\/wp-json\/wp\/v2\/product\/2710\/revisions\/2717"}],"wp:featuredmedia":[{"embeddable":true,"href":"https:\/\/profenligne.ca\/en\/wp-json\/wp\/v2\/media\/2715"}],"wp:attachment":[{"href":"https:\/\/profenligne.ca\/en\/wp-json\/wp\/v2\/media?parent=2710"}],"wp:term":[{"taxonomy":"product_brand","embeddable":true,"href":"https:\/\/profenligne.ca\/en\/wp-json\/wp\/v2\/product_brand?post=2710"},{"taxonomy":"product_cat","embeddable":true,"href":"https:\/\/profenligne.ca\/en\/wp-json\/wp\/v2\/product_cat?post=2710"},{"taxonomy":"product_tag","embeddable":true,"href":"https:\/\/profenligne.ca\/en\/wp-json\/wp\/v2\/product_tag?post=2710"}],"curies":[{"name":"wp","href":"https:\/\/api.w.org\/{rel}","templated":true}]}}