{"id":2527,"date":"2025-10-02T00:31:08","date_gmt":"2025-10-02T00:31:08","guid":{"rendered":"https:\/\/profenligne.ca\/?post_type=product&#038;p=2527"},"modified":"2025-10-02T00:31:08","modified_gmt":"2025-10-02T00:31:08","slug":"sirenes-mythe-ou-realite","status":"publish","type":"product","link":"https:\/\/profenligne.ca\/en\/product\/sirenes-mythe-ou-realite\/","title":{"rendered":"Sir\u00e8nes &#8211; Mythe ou r\u00e9alit\u00e9"},"content":{"rendered":"<p>Voici une compr\u00e9hension de lecture portant\u00a0sur les sir\u00e8nes.<\/p>\n<p>Id\u00e9ale pour le 2e et 3e cycle, cette compr\u00e9hension de lecture\u00a0am\u00e8ne les \u00e9l\u00e8ves \u00e0 d\u00e9couvrir les origines des sir\u00e8nes et leur \u00e9volution depuis la Gr\u00e8ce, jusqu&rsquo;\u00e0 aujourd&rsquo;hui. En outre, les \u00e9l\u00e8ves en apprendront davantage sur les l\u00e9gendes entourant ces cr\u00e9atures. Ils pourront \u00e9galement en apprendre davantage sur les repr\u00e9sentations des sir\u00e8nes \u00e0 travers le monde.<\/p>\n<p>Le texte informatif, pr\u00e9sent\u00e9 sur trois pages en couleur, est accompagn\u00e9 d\u2019un questionnaire de dix questions qui permet de travailler la compr\u00e9hension en profondeur, ainsi que d\u2019un corrig\u00e9 pour simplifier votre pr\u00e9paration. Pour rendre l\u2019activit\u00e9 encore plus interactive, un quiz Microsoft Forms est aussi inclus et enti\u00e8rement personnalisable selon vos besoins.<\/p>\n<p><u>Vous retrouverez\u00a0:<\/u><\/p>\n<ul>\n<li>Un texte informatif de 3 pages en couleur<\/li>\n<li>Un questionnaire (10\u00a0questions)<\/li>\n<li>Le corrig\u00e9<\/li>\n<li>Un quiz\u00a0Forms que vous pouvez modifier \u00e0 votre guise et envoyer \u00e0 vos \u00e9l\u00e8ves.<\/li>\n<\/ul>\n<p><strong>\u00c9galement disponible dans : Ensemble Mythe ou r\u00e9alit\u00e9\u00a0<\/strong><\/p>","protected":false},"excerpt":{"rendered":"<p>Voici une compr\u00e9hension de lecture portant\u00a0sur les sir\u00e8nes. Id\u00e9ale pour le 2e et 3e cycle, cette compr\u00e9hension de lecture\u00a0am\u00e8ne les \u00e9l\u00e8ves \u00e0 d\u00e9couvrir les origines des sir\u00e8nes et leur \u00e9volution depuis la Gr\u00e8ce, jusqu&rsquo;\u00e0 aujourd&rsquo;hui. En outre, les \u00e9l\u00e8ves en apprendront davantage sur les l\u00e9gendes entourant ces cr\u00e9atures. Ils pourront \u00e9galement en apprendre davantage sur&#8230;<\/p>","protected":false},"featured_media":2532,"template":"","meta":{"_kad_post_transparent":"default","_kad_post_title":"","_kad_post_layout":"default","_kad_post_sidebar_id":"","_kad_post_content_style":"default","_kad_post_vertical_padding":"default","_kad_post_feature":"","_kad_post_feature_position":"","_kad_post_header":false,"_kad_post_footer":false},"product_brand":[],"product_cat":[37,34,51,57],"product_tag":[92,589,196,153,451,195,453,202,590,143],"class_list":{"0":"post-2527","1":"product","2":"type-product","3":"status-publish","4":"has-post-thumbnail","6":"product_cat-2e-cycle","7":"product_cat-francais","8":"product_cat-halloween","9":"product_cat-texte-informatif","10":"product_tag-comprehension-de-lecture","11":"product_tag-comprehension-de-lecture-halloween","12":"product_tag-halloween","13":"product_tag-legende","14":"product_tag-marin","15":"product_tag-mythe-ou-realite","16":"product_tag-ocean","17":"product_tag-sirenes","18":"product_tag-texte-halloween","19":"product_tag-texte-informatif","21":"first","22":"instock","23":"downloadable","24":"virtual","25":"purchasable","26":"product-type-simple","27":"entry","28":"content-bg","29":"loop-entry"},"jetpack_sharing_enabled":true,"_links":{"self":[{"href":"https:\/\/profenligne.ca\/en\/wp-json\/wp\/v2\/product\/2527","targetHints":{"allow":["GET"]}}],"collection":[{"href":"https:\/\/profenligne.ca\/en\/wp-json\/wp\/v2\/product"}],"about":[{"href":"https:\/\/profenligne.ca\/en\/wp-json\/wp\/v2\/types\/product"}],"version-history":[{"count":1,"href":"https:\/\/profenligne.ca\/en\/wp-json\/wp\/v2\/product\/2527\/revisions"}],"predecessor-version":[{"id":2533,"href":"https:\/\/profenligne.ca\/en\/wp-json\/wp\/v2\/product\/2527\/revisions\/2533"}],"wp:featuredmedia":[{"embeddable":true,"href":"https:\/\/profenligne.ca\/en\/wp-json\/wp\/v2\/media\/2532"}],"wp:attachment":[{"href":"https:\/\/profenligne.ca\/en\/wp-json\/wp\/v2\/media?parent=2527"}],"wp:term":[{"taxonomy":"product_brand","embeddable":true,"href":"https:\/\/profenligne.ca\/en\/wp-json\/wp\/v2\/product_brand?post=2527"},{"taxonomy":"product_cat","embeddable":true,"href":"https:\/\/profenligne.ca\/en\/wp-json\/wp\/v2\/product_cat?post=2527"},{"taxonomy":"product_tag","embeddable":true,"href":"https:\/\/profenligne.ca\/en\/wp-json\/wp\/v2\/product_tag?post=2527"}],"curies":[{"name":"wp","href":"https:\/\/api.w.org\/{rel}","templated":true}]}}