{"id":2434,"date":"2025-09-01T12:42:12","date_gmt":"2025-09-01T12:42:12","guid":{"rendered":"https:\/\/profenligne.ca\/?post_type=product&#038;p=2434"},"modified":"2025-09-01T12:42:12","modified_gmt":"2025-09-01T12:42:12","slug":"sacre-charlemagne-comprehension-de-lecture","status":"publish","type":"product","link":"https:\/\/profenligne.ca\/en\/product\/sacre-charlemagne-comprehension-de-lecture\/","title":{"rendered":"Sacr\u00e9 Charlemagne &#8211; compr\u00e9hension de lecture"},"content":{"rendered":"<p>Voici une compr\u00e9hension de lecture qui permettra \u00e0 vos \u00e9l\u00e8ves de d\u00e9couvrir\u00a0les premi\u00e8res \u00e9coles de l\u2019Antiquit\u00e9 jusqu\u2019aux classes modernes d\u2019aujourd\u2019hui.<br \/>\nAu c\u0153ur du texte, d\u00e9couvrez le r\u00f4le essentiel de Charlemagne, ce roi passionn\u00e9 d\u2019apprentissage qu\u2019on surnomme parfois le <em>p\u00e8re de l\u2019\u00e9cole<\/em>.<\/p>\n<p><u>Ce que vous trouverez dans ce produit :<\/u><\/p>\n<ul>\n<li>Un texte informatif de 3 pages (environ 675\u00a0mots)<\/li>\n<li>11\u00a0questions de compr\u00e9hension et d\u2019appr\u00e9ciation<\/li>\n<li>Corrig\u00e9 inclus<\/li>\n<li>Un quiz interactif (Microsoft Forms) que vous pouvez modifier avant de l&rsquo;envoyer \u00e0 vos \u00e9l\u00e8ves<\/li>\n<\/ul>","protected":false},"excerpt":{"rendered":"<p>Voici une compr\u00e9hension de lecture qui permettra \u00e0 vos \u00e9l\u00e8ves de d\u00e9couvrir\u00a0les premi\u00e8res \u00e9coles de l\u2019Antiquit\u00e9 jusqu\u2019aux classes modernes d\u2019aujourd\u2019hui. Au c\u0153ur du texte, d\u00e9couvrez le r\u00f4le essentiel de Charlemagne, ce roi passionn\u00e9 d\u2019apprentissage qu\u2019on surnomme parfois le p\u00e8re de l\u2019\u00e9cole. Ce que vous trouverez dans ce produit : Un texte informatif de 3 pages&#8230;<\/p>","protected":false},"featured_media":2438,"template":"","meta":{"_kad_post_transparent":"default","_kad_post_title":"","_kad_post_layout":"default","_kad_post_sidebar_id":"","_kad_post_content_style":"default","_kad_post_vertical_padding":"default","_kad_post_feature":"","_kad_post_feature_position":"","_kad_post_header":false,"_kad_post_footer":false},"product_brand":[],"product_cat":[37,38,34,50,57],"product_tag":[586,92,585,511,584,582,583],"class_list":{"0":"post-2434","1":"product","2":"type-product","3":"status-publish","4":"has-post-thumbnail","6":"product_cat-2e-cycle","7":"product_cat-3e-cycle","8":"product_cat-francais","9":"product_cat-rentree-scolaire","10":"product_cat-texte-informatif","11":"product_tag-antiquite","12":"product_tag-comprehension-de-lecture","13":"product_tag-comprehension-de-lecture-septembre","14":"product_tag-ecole","15":"product_tag-origine-de-lecole","16":"product_tag-sacre-charlemagne","17":"product_tag-septembre","19":"first","20":"instock","21":"downloadable","22":"virtual","23":"purchasable","24":"product-type-simple","25":"entry","26":"content-bg","27":"loop-entry"},"jetpack_sharing_enabled":true,"_links":{"self":[{"href":"https:\/\/profenligne.ca\/en\/wp-json\/wp\/v2\/product\/2434","targetHints":{"allow":["GET"]}}],"collection":[{"href":"https:\/\/profenligne.ca\/en\/wp-json\/wp\/v2\/product"}],"about":[{"href":"https:\/\/profenligne.ca\/en\/wp-json\/wp\/v2\/types\/product"}],"version-history":[{"count":1,"href":"https:\/\/profenligne.ca\/en\/wp-json\/wp\/v2\/product\/2434\/revisions"}],"predecessor-version":[{"id":2439,"href":"https:\/\/profenligne.ca\/en\/wp-json\/wp\/v2\/product\/2434\/revisions\/2439"}],"wp:featuredmedia":[{"embeddable":true,"href":"https:\/\/profenligne.ca\/en\/wp-json\/wp\/v2\/media\/2438"}],"wp:attachment":[{"href":"https:\/\/profenligne.ca\/en\/wp-json\/wp\/v2\/media?parent=2434"}],"wp:term":[{"taxonomy":"product_brand","embeddable":true,"href":"https:\/\/profenligne.ca\/en\/wp-json\/wp\/v2\/product_brand?post=2434"},{"taxonomy":"product_cat","embeddable":true,"href":"https:\/\/profenligne.ca\/en\/wp-json\/wp\/v2\/product_cat?post=2434"},{"taxonomy":"product_tag","embeddable":true,"href":"https:\/\/profenligne.ca\/en\/wp-json\/wp\/v2\/product_tag?post=2434"}],"curies":[{"name":"wp","href":"https:\/\/api.w.org\/{rel}","templated":true}]}}