{"id":2088,"date":"2025-08-20T14:28:40","date_gmt":"2025-08-20T14:28:40","guid":{"rendered":"https:\/\/profenligne.ca\/?post_type=product&#038;p=2088"},"modified":"2025-08-20T18:20:20","modified_gmt":"2025-08-20T18:20:20","slug":"cest-ta-fete-ensemble-dactivites","status":"publish","type":"product","link":"https:\/\/profenligne.ca\/en\/product\/cest-ta-fete-ensemble-dactivites\/","title":{"rendered":"C&rsquo;est ta f\u00eate &#8211; ensemble d&rsquo;activit\u00e9s"},"content":{"rendered":"<p>Ce cahier d\u2019anniversaire cl\u00e9 en main est l\u2019activit\u00e9 parfaite pour rendre la f\u00eate de vos \u00e9l\u00e8ves encore plus m\u00e9morable. Ils pourront le compl\u00e9ter lors des moments de retour au calme, apr\u00e8s avoir termin\u00e9 leur travail ou simplement pour profiter de cette journ\u00e9e festive \u00e0 leur rythme.<\/p>\n<p>Dans ce cahier de 6 pages (+ corrig\u00e9), vos \u00e9l\u00e8ves trouveront :<\/p>\n<ul>\n<li>Un coloriage festif<\/li>\n<li>Un espace pour les messages de leurs amis(es) et votre mot personnalis\u00e9<\/li>\n<li>Un charivari<\/li>\n<li>Une activit\u00e9 \u00ab Trouve les 10 diff\u00e9rences \u00bb<\/li>\n<li>Des devinettes en lien avec les anniversaires<\/li>\n<li>Un mots cach\u00e9s th\u00e9matique<\/li>\n<li>Un labyrinthe \u00e0 3 chemins<\/li>\n<li>Un corrig\u00e9<\/li>\n<\/ul>\n<p>Un petit cahier pr\u00eat \u00e0 imprimer, qui apporte de la plaisir et de la joie dans la classe \u00e0 chaque anniversaire !<\/p>\n<p><strong>Astuce pratique :<\/strong> Vous pouvez imprimer le coloriage et la page des messages recto-verso, puis les plastifier. Vos \u00e9l\u00e8ves conserveront ainsi un magnifique souvenir de leur anniversaire \u00e0 l\u2019\u00e9cole !<\/p>","protected":false},"excerpt":{"rendered":"<p>Ce cahier d\u2019anniversaire cl\u00e9 en main est l\u2019activit\u00e9 parfaite pour rendre la f\u00eate de vos \u00e9l\u00e8ves encore plus m\u00e9morable. Ils pourront le compl\u00e9ter lors des moments de retour au calme, apr\u00e8s avoir termin\u00e9 leur travail ou simplement pour profiter de cette journ\u00e9e festive \u00e0 leur rythme. Dans ce cahier de 6 pages (+ corrig\u00e9), vos&#8230;<\/p>","protected":false},"featured_media":2091,"template":"","meta":{"_kad_post_transparent":"default","_kad_post_title":"","_kad_post_layout":"default","_kad_post_sidebar_id":"","_kad_post_content_style":"default","_kad_post_vertical_padding":"default","_kad_post_feature":"","_kad_post_feature_position":"","_kad_post_header":false,"_kad_post_footer":false},"product_brand":[],"product_cat":[37,579,50],"product_tag":[23,580,65,463,255,446,581,75],"class_list":{"0":"post-2088","1":"product","2":"type-product","3":"status-publish","4":"has-post-thumbnail","6":"product_cat-2e-cycle","7":"product_cat-anniversaire","8":"product_cat-rentree-scolaire","9":"product_tag-2e-cycle","10":"product_tag-anniversaire","11":"product_tag-cadeau","12":"product_tag-cahier-passe-temps","13":"product_tag-celebration","14":"product_tag-fete","15":"product_tag-retour-au-calme","16":"product_tag-routine","18":"first","19":"instock","20":"downloadable","21":"virtual","22":"purchasable","23":"product-type-simple","24":"entry","25":"content-bg","26":"loop-entry"},"jetpack_sharing_enabled":true,"_links":{"self":[{"href":"https:\/\/profenligne.ca\/en\/wp-json\/wp\/v2\/product\/2088","targetHints":{"allow":["GET"]}}],"collection":[{"href":"https:\/\/profenligne.ca\/en\/wp-json\/wp\/v2\/product"}],"about":[{"href":"https:\/\/profenligne.ca\/en\/wp-json\/wp\/v2\/types\/product"}],"version-history":[{"count":1,"href":"https:\/\/profenligne.ca\/en\/wp-json\/wp\/v2\/product\/2088\/revisions"}],"predecessor-version":[{"id":2092,"href":"https:\/\/profenligne.ca\/en\/wp-json\/wp\/v2\/product\/2088\/revisions\/2092"}],"wp:featuredmedia":[{"embeddable":true,"href":"https:\/\/profenligne.ca\/en\/wp-json\/wp\/v2\/media\/2091"}],"wp:attachment":[{"href":"https:\/\/profenligne.ca\/en\/wp-json\/wp\/v2\/media?parent=2088"}],"wp:term":[{"taxonomy":"product_brand","embeddable":true,"href":"https:\/\/profenligne.ca\/en\/wp-json\/wp\/v2\/product_brand?post=2088"},{"taxonomy":"product_cat","embeddable":true,"href":"https:\/\/profenligne.ca\/en\/wp-json\/wp\/v2\/product_cat?post=2088"},{"taxonomy":"product_tag","embeddable":true,"href":"https:\/\/profenligne.ca\/en\/wp-json\/wp\/v2\/product_tag?post=2088"}],"curies":[{"name":"wp","href":"https:\/\/api.w.org\/{rel}","templated":true}]}}