{"id":1890,"date":"2025-08-16T00:55:27","date_gmt":"2025-08-16T00:55:27","guid":{"rendered":"https:\/\/profenligne.ca\/?post_type=product&#038;p=1890"},"modified":"2025-08-20T18:30:25","modified_gmt":"2025-08-20T18:30:25","slug":"bingo-de-la-rentree-routines-et-regles","status":"publish","type":"product","link":"https:\/\/profenligne.ca\/en\/product\/bingo-de-la-rentree-routines-et-regles\/","title":{"rendered":"Bingo de la rentr\u00e9e &#8211; routines et r\u00e8gles"},"content":{"rendered":"<p>Voici un bingo des routines et des r\u00e8gles,\u00a0id\u00e9al pour instaurer, renforcer ou r\u00e9viser les comportements attendus d\u00e8s la premi\u00e8re semaine de classe.<\/p>\n<p>Ce document complet comprend :<\/p>\n<ul>\n<li>Un bingo g\u00e9ant \u00e0 afficher et \u00e0 compl\u00e9ter en groupe (ainsi qu&rsquo;un bingo g\u00e9ant vierge)<\/li>\n<li>Une affiche pour une r\u00e9compense collective<\/li>\n<li>30 cartes de bingo en couleur + 30 cartes en noir et blanc (ainsi que les power point modifiables)<\/li>\n<li>Une feuille d\u2019\u00e9l\u00e9ments d\u00e9coratifs (marguerites) \u00e0 utiliser comme jetons sur le bingo g\u00e9ant<\/li>\n<li>Une affiche 11 x 17 pour y inscrire vos propres r\u00e8gles de classe<\/li>\n<\/ul>\n<p>3 fa\u00e7ons de l\u2019utiliser en classe :<\/p>\n<ol>\n<li><strong>Version collective (bingo g\u00e9ant)<\/strong><br \/>\nAffichez-le en grand format : chaque fois que le groupe ma\u00eetrise une routine ou respecte une r\u00e8gle, barrez une case. Une ligne compl\u00e9t\u00e9e\u202f? C\u2019est le moment de choisir un privil\u00e8ge ou une r\u00e9compense avec les \u00e9l\u00e8ves !<\/li>\n<li><strong>Version individuelle (cartes traditionnelles)<\/strong><br \/>\nChaque \u00e9l\u00e8ve utilise sa propre carte et vous nommez les routines \u00e0 cocher, comme dans un bingo classique. Parfait pour renforcer la compr\u00e9hension des r\u00e8gles.<\/li>\n<li><strong>Suivi personnalis\u00e9<\/strong><br \/>\nImprimez les cartes en format r\u00e9duit et collez-les sur les bureaux. Chaque \u00e9l\u00e8ve peut colorier les cases au fur et \u00e0 mesure qu\u2019il r\u00e9ussit \u00e0 appliquer les routines de fa\u00e7on autonome.<\/li>\n<\/ol>","protected":false},"excerpt":{"rendered":"<p>Voici un bingo des routines et des r\u00e8gles,\u00a0id\u00e9al pour instaurer, renforcer ou r\u00e9viser les comportements attendus d\u00e8s la premi\u00e8re semaine de classe. Ce document complet comprend : Un bingo g\u00e9ant \u00e0 afficher et \u00e0 compl\u00e9ter en groupe (ainsi qu&rsquo;un bingo g\u00e9ant vierge) Une affiche pour une r\u00e9compense collective 30 cartes de bingo en couleur +&#8230;<\/p>","protected":false},"featured_media":2066,"template":"","meta":{"_kad_post_transparent":"default","_kad_post_title":"","_kad_post_layout":"default","_kad_post_sidebar_id":"","_kad_post_content_style":"default","_kad_post_vertical_padding":"default","_kad_post_feature":"","_kad_post_feature_position":"","_kad_post_header":false,"_kad_post_footer":false},"product_brand":[],"product_cat":[50],"product_tag":[82,83,78,81,77,73,74,79,80,76,84,64,75],"class_list":{"0":"post-1890","1":"product","2":"type-product","3":"status-publish","4":"has-post-thumbnail","6":"product_cat-rentree-scolaire","7":"product_tag-activite","8":"product_tag-activite-rentree-scolaire","9":"product_tag-affichage","10":"product_tag-affichage-classe","11":"product_tag-affiche","12":"product_tag-bingo","13":"product_tag-bingo-de-la-rentree","14":"product_tag-marguerite","15":"product_tag-pastel","16":"product_tag-regle-de-classe","17":"product_tag-renforcement-comportement","18":"product_tag-rentree-scolaire","19":"product_tag-routine","21":"first","22":"instock","23":"downloadable","24":"virtual","25":"purchasable","26":"product-type-simple","27":"entry","28":"content-bg","29":"loop-entry"},"jetpack_sharing_enabled":true,"_links":{"self":[{"href":"https:\/\/profenligne.ca\/en\/wp-json\/wp\/v2\/product\/1890","targetHints":{"allow":["GET"]}}],"collection":[{"href":"https:\/\/profenligne.ca\/en\/wp-json\/wp\/v2\/product"}],"about":[{"href":"https:\/\/profenligne.ca\/en\/wp-json\/wp\/v2\/types\/product"}],"version-history":[{"count":1,"href":"https:\/\/profenligne.ca\/en\/wp-json\/wp\/v2\/product\/1890\/revisions"}],"predecessor-version":[{"id":1893,"href":"https:\/\/profenligne.ca\/en\/wp-json\/wp\/v2\/product\/1890\/revisions\/1893"}],"wp:featuredmedia":[{"embeddable":true,"href":"https:\/\/profenligne.ca\/en\/wp-json\/wp\/v2\/media\/2066"}],"wp:attachment":[{"href":"https:\/\/profenligne.ca\/en\/wp-json\/wp\/v2\/media?parent=1890"}],"wp:term":[{"taxonomy":"product_brand","embeddable":true,"href":"https:\/\/profenligne.ca\/en\/wp-json\/wp\/v2\/product_brand?post=1890"},{"taxonomy":"product_cat","embeddable":true,"href":"https:\/\/profenligne.ca\/en\/wp-json\/wp\/v2\/product_cat?post=1890"},{"taxonomy":"product_tag","embeddable":true,"href":"https:\/\/profenligne.ca\/en\/wp-json\/wp\/v2\/product_tag?post=1890"}],"curies":[{"name":"wp","href":"https:\/\/api.w.org\/{rel}","templated":true}]}}