{"id":1883,"date":"2025-08-11T17:09:12","date_gmt":"2025-08-11T17:09:12","guid":{"rendered":"https:\/\/profenligne.ca\/?post_type=product&#038;p=1883"},"modified":"2025-08-20T18:34:16","modified_gmt":"2025-08-20T18:34:16","slug":"cadeau-rentree-scolaire-pour-eleve","status":"publish","type":"product","link":"https:\/\/profenligne.ca\/en\/product\/cadeau-rentree-scolaire-pour-eleve\/","title":{"rendered":"Cadeau rentr\u00e9e scolaire pour \u00e9l\u00e8ve"},"content":{"rendered":"<p>Un petit cadeau de bienvenue pour la rentr\u00e9e scolaire !<\/p>\n<p>Offrez \u00e0 vos \u00e9l\u00e8ves un accueil m\u00e9morable avec cette attention simple, mignonne\u2026 et pr\u00eate \u00e0 imprimer !<\/p>\n<p>Ce projet cl\u00e9 en main comprend :<\/p>\n<ul>\n<li>6 illustrations color\u00e9es \u00e0 enfiler sur un crayon<\/li>\n<li>Un petit message au verso (2 versions : f\u00e9minin\u00a0et masculin)<\/li>\n<li>Emplacements de d\u00e9coupe indiqu\u00e9s pour faciliter l&rsquo;assemblage<\/li>\n<\/ul>\n<p>Il suffit d\u2019imprimer, d\u00e9couper et ins\u00e9rer un crayon \u2013 le tour est jou\u00e9 !<\/p>\n<p>Une belle fa\u00e7on de cr\u00e9er un moment magique d\u00e8s le premier jour d\u2019\u00e9cole.<\/p>\n<p>**Je vous conseille d&rsquo;imprimer les illustrations sur du carton, recto-verso sur le plus petit c\u00f4t\u00e9.<\/p>","protected":false},"excerpt":{"rendered":"<p>Un petit cadeau de bienvenue pour la rentr\u00e9e scolaire ! Offrez \u00e0 vos \u00e9l\u00e8ves un accueil m\u00e9morable avec cette attention simple, mignonne\u2026 et pr\u00eate \u00e0 imprimer ! Ce projet cl\u00e9 en main comprend : 6 illustrations color\u00e9es \u00e0 enfiler sur un crayon Un petit message au verso (2 versions : f\u00e9minin\u00a0et masculin) Emplacements de d\u00e9coupe&#8230;<\/p>","protected":false},"featured_media":1886,"template":"","meta":{"_kad_post_transparent":"default","_kad_post_title":"","_kad_post_layout":"default","_kad_post_sidebar_id":"","_kad_post_content_style":"default","_kad_post_vertical_padding":"default","_kad_post_feature":"","_kad_post_feature_position":"","_kad_post_header":false,"_kad_post_footer":false},"product_brand":[],"product_cat":[50],"product_tag":[65,69,63,72,71,68,70,64,66,67],"class_list":{"0":"post-1883","1":"product","2":"type-product","3":"status-publish","4":"has-post-thumbnail","6":"product_cat-rentree-scolaire","7":"product_tag-cadeau","8":"product_tag-cadeau-bonne-rentree","9":"product_tag-cadeau-de-rentree","10":"product_tag-cadeau-imprimable","11":"product_tag-cadeau-simple","12":"product_tag-cadeaux-eleves","13":"product_tag-crayon","14":"product_tag-rentree-scolaire","15":"product_tag-surprise","16":"product_tag-surprise-de-rentree","18":"first","19":"instock","20":"downloadable","21":"virtual","22":"purchasable","23":"product-type-simple","24":"entry","25":"content-bg","26":"loop-entry"},"jetpack_sharing_enabled":true,"_links":{"self":[{"href":"https:\/\/profenligne.ca\/en\/wp-json\/wp\/v2\/product\/1883","targetHints":{"allow":["GET"]}}],"collection":[{"href":"https:\/\/profenligne.ca\/en\/wp-json\/wp\/v2\/product"}],"about":[{"href":"https:\/\/profenligne.ca\/en\/wp-json\/wp\/v2\/types\/product"}],"version-history":[{"count":1,"href":"https:\/\/profenligne.ca\/en\/wp-json\/wp\/v2\/product\/1883\/revisions"}],"predecessor-version":[{"id":1889,"href":"https:\/\/profenligne.ca\/en\/wp-json\/wp\/v2\/product\/1883\/revisions\/1889"}],"wp:featuredmedia":[{"embeddable":true,"href":"https:\/\/profenligne.ca\/en\/wp-json\/wp\/v2\/media\/1886"}],"wp:attachment":[{"href":"https:\/\/profenligne.ca\/en\/wp-json\/wp\/v2\/media?parent=1883"}],"wp:term":[{"taxonomy":"product_brand","embeddable":true,"href":"https:\/\/profenligne.ca\/en\/wp-json\/wp\/v2\/product_brand?post=1883"},{"taxonomy":"product_cat","embeddable":true,"href":"https:\/\/profenligne.ca\/en\/wp-json\/wp\/v2\/product_cat?post=1883"},{"taxonomy":"product_tag","embeddable":true,"href":"https:\/\/profenligne.ca\/en\/wp-json\/wp\/v2\/product_tag?post=1883"}],"curies":[{"name":"wp","href":"https:\/\/api.w.org\/{rel}","templated":true}]}}