{"id":1623,"date":"2025-07-30T01:22:16","date_gmt":"2025-07-30T01:22:16","guid":{"rendered":"https:\/\/profenligne.ca\/?post_type=product&#038;p=1623"},"modified":"2025-08-20T18:41:29","modified_gmt":"2025-08-20T18:41:29","slug":"ces-etranges-cacas-comprehension-lecture","status":"publish","type":"product","link":"https:\/\/profenligne.ca\/en\/product\/ces-etranges-cacas-comprehension-lecture\/","title":{"rendered":"Ces \u00e9tranges cacas &#8211; compr\u00e9hension lecture"},"content":{"rendered":"<p>Ce document original explore les excr\u00e9ments les plus \u00e9tonnants du r\u00e8gne animal \u00e0 travers le comportement surprenant de 4 animaux fascinants : de la chenille catapulte au wombat aux crottes carr\u00e9es. Au passage, plusieurs faits surprenants permettront \u00e0 vos \u00e9l\u00e8ves d&rsquo;en apprendre davantage sur les mati\u00e8res f\u00e9cales chez les animaux (et dinosaures). Ce texte piquera sans aucun doute la curiosit\u00e9 de vos \u00e9l\u00e8ves, m\u00eame les plus r\u00e9ticents \u00e0 la lecture. Il transforme un sujet tabou en une lecture scientifique, tout en favorisant l\u2019engagement, l\u2019humour et l\u2019apprentissage.<\/p>\n<p><u>Ce que vous trouverez dans ce produit :<\/u><\/p>\n<ul>\n<li>Un texte informatif de 3 pages (environ 600 mots)<\/li>\n<li>13 questions de compr\u00e9hension et d\u2019appr\u00e9ciation<\/li>\n<li>Corrig\u00e9 inclus<\/li>\n<li>Un quiz interactif (Microsoft Forms) que vous pouvez modifier avant de l&rsquo;envoyer \u00e0 vos \u00e9l\u00e8ves<\/li>\n<\/ul>","protected":false},"excerpt":{"rendered":"<p>Ce document original explore les excr\u00e9ments les plus \u00e9tonnants du r\u00e8gne animal \u00e0 travers le comportement surprenant de 4 animaux fascinants : de la chenille catapulte au wombat aux crottes carr\u00e9es. Au passage, plusieurs faits surprenants permettront \u00e0 vos \u00e9l\u00e8ves d&rsquo;en apprendre davantage sur les mati\u00e8res f\u00e9cales chez les animaux (et dinosaures). Ce texte piquera&#8230;<\/p>","protected":false},"featured_media":1626,"template":"","meta":{"_kad_post_transparent":"default","_kad_post_title":"","_kad_post_layout":"default","_kad_post_sidebar_id":"","_kad_post_content_style":"default","_kad_post_vertical_padding":"default","_kad_post_feature":"","_kad_post_feature_position":"","_kad_post_header":false,"_kad_post_footer":false},"product_brand":[],"product_cat":[37,38,34,57],"product_tag":[96,93,92,95,94,99,97,98],"class_list":{"0":"post-1623","1":"product","2":"type-product","3":"status-publish","4":"has-post-thumbnail","6":"product_cat-2e-cycle","7":"product_cat-3e-cycle","8":"product_cat-francais","9":"product_cat-texte-informatif","10":"product_tag-animaux","11":"product_tag-caca","12":"product_tag-comprehension-de-lecture","13":"product_tag-defecation","14":"product_tag-excrements","15":"product_tag-forms","16":"product_tag-monde-animal","17":"product_tag-quiz","19":"first","20":"instock","21":"downloadable","22":"virtual","23":"purchasable","24":"product-type-simple","25":"entry","26":"content-bg","27":"loop-entry"},"jetpack_sharing_enabled":true,"_links":{"self":[{"href":"https:\/\/profenligne.ca\/en\/wp-json\/wp\/v2\/product\/1623","targetHints":{"allow":["GET"]}}],"collection":[{"href":"https:\/\/profenligne.ca\/en\/wp-json\/wp\/v2\/product"}],"about":[{"href":"https:\/\/profenligne.ca\/en\/wp-json\/wp\/v2\/types\/product"}],"version-history":[{"count":1,"href":"https:\/\/profenligne.ca\/en\/wp-json\/wp\/v2\/product\/1623\/revisions"}],"predecessor-version":[{"id":1627,"href":"https:\/\/profenligne.ca\/en\/wp-json\/wp\/v2\/product\/1623\/revisions\/1627"}],"wp:featuredmedia":[{"embeddable":true,"href":"https:\/\/profenligne.ca\/en\/wp-json\/wp\/v2\/media\/1626"}],"wp:attachment":[{"href":"https:\/\/profenligne.ca\/en\/wp-json\/wp\/v2\/media?parent=1623"}],"wp:term":[{"taxonomy":"product_brand","embeddable":true,"href":"https:\/\/profenligne.ca\/en\/wp-json\/wp\/v2\/product_brand?post=1623"},{"taxonomy":"product_cat","embeddable":true,"href":"https:\/\/profenligne.ca\/en\/wp-json\/wp\/v2\/product_cat?post=1623"},{"taxonomy":"product_tag","embeddable":true,"href":"https:\/\/profenligne.ca\/en\/wp-json\/wp\/v2\/product_tag?post=1623"}],"curies":[{"name":"wp","href":"https:\/\/api.w.org\/{rel}","templated":true}]}}