{"id":1618,"date":"2025-07-30T01:19:37","date_gmt":"2025-07-30T01:19:37","guid":{"rendered":"https:\/\/profenligne.ca\/?post_type=product&#038;p=1618"},"modified":"2025-08-20T18:44:28","modified_gmt":"2025-08-20T18:44:28","slug":"mon-passeport-des-vacances-cahier-ecriture","status":"publish","type":"product","link":"https:\/\/profenligne.ca\/en\/product\/mon-passeport-des-vacances-cahier-ecriture\/","title":{"rendered":"Mon passeport des vacances &#8211; cahier \u00e9criture"},"content":{"rendered":"<p>Voici un document sous forme de petit livre, id\u00e9al pour la fin de l&rsquo;ann\u00e9e et pour les vacances estivales.<\/p>\n<p>Les \u00e9l\u00e8ves sont invit\u00e9s \u00e0 y inscrire leurs informations personnelles, les adresses\/num\u00e9ros de t\u00e9l\u00e9phone de leurs amis, une liste d&rsquo;activit\u00e9s \u00e0 faire cet \u00e9t\u00e9, ainsi que des endroits \u00e0 visiter. Par la suite, ils dessinent 6 activit\u00e9s qu&rsquo;ils souhaitent faire ou ont fait pendant leurs vacances, avant d&rsquo;en faire la description.\u00a0Une banque de mots, ainsi qu&rsquo;un rappel du code de correction sont fournis pour les accompagner dans leur \u00e9criture et peuvent \u00eatre ajout\u00e9s \u00e0 leur livret. Pour finir, un petit coloriage sur le th\u00e8me des vacances est \u00e0 ajouter \u00e0 la fin de leur livre.<\/p>\n<p>**Je vous conseille d&rsquo;imprimer le document recto-verso, avant de couper les feuilles en 2, afin d&rsquo;en faire un petit livret format 8 1\/2 x 5 1\/2.<\/p>\n<p>2 versions sont disponibles : avec ou sans trottoirs.<\/p>","protected":false},"excerpt":{"rendered":"<p>Voici un document sous forme de petit livre, id\u00e9al pour la fin de l&rsquo;ann\u00e9e et pour les vacances estivales. Les \u00e9l\u00e8ves sont invit\u00e9s \u00e0 y inscrire leurs informations personnelles, les adresses\/num\u00e9ros de t\u00e9l\u00e9phone de leurs amis, une liste d&rsquo;activit\u00e9s \u00e0 faire cet \u00e9t\u00e9, ainsi que des endroits \u00e0 visiter. Par la suite, ils dessinent 6&#8230;<\/p>","protected":false},"featured_media":1621,"template":"","meta":{"_kad_post_transparent":"default","_kad_post_title":"","_kad_post_layout":"default","_kad_post_sidebar_id":"","_kad_post_content_style":"default","_kad_post_vertical_padding":"default","_kad_post_feature":"","_kad_post_feature_position":"","_kad_post_header":false,"_kad_post_footer":false},"product_brand":[],"product_cat":[39,37,38,59,48,34],"product_tag":[100,101,105,103,104,106,102],"class_list":{"0":"post-1618","1":"product","2":"type-product","3":"status-publish","4":"has-post-thumbnail","6":"product_cat-1er-cycle","7":"product_cat-2e-cycle","8":"product_cat-3e-cycle","9":"product_cat-ecrit","10":"product_cat-fin-dannee","11":"product_cat-francais","12":"product_tag-cahier","13":"product_tag-ecriture-estivale","14":"product_tag-fin-dannee","15":"product_tag-histoire-sequentielle","16":"product_tag-lexique","17":"product_tag-passe-temps","18":"product_tag-vacances","20":"first","21":"instock","22":"downloadable","23":"virtual","24":"purchasable","25":"product-type-simple","26":"entry","27":"content-bg","28":"loop-entry"},"jetpack_sharing_enabled":true,"_links":{"self":[{"href":"https:\/\/profenligne.ca\/en\/wp-json\/wp\/v2\/product\/1618","targetHints":{"allow":["GET"]}}],"collection":[{"href":"https:\/\/profenligne.ca\/en\/wp-json\/wp\/v2\/product"}],"about":[{"href":"https:\/\/profenligne.ca\/en\/wp-json\/wp\/v2\/types\/product"}],"version-history":[{"count":1,"href":"https:\/\/profenligne.ca\/en\/wp-json\/wp\/v2\/product\/1618\/revisions"}],"predecessor-version":[{"id":1622,"href":"https:\/\/profenligne.ca\/en\/wp-json\/wp\/v2\/product\/1618\/revisions\/1622"}],"wp:featuredmedia":[{"embeddable":true,"href":"https:\/\/profenligne.ca\/en\/wp-json\/wp\/v2\/media\/1621"}],"wp:attachment":[{"href":"https:\/\/profenligne.ca\/en\/wp-json\/wp\/v2\/media?parent=1618"}],"wp:term":[{"taxonomy":"product_brand","embeddable":true,"href":"https:\/\/profenligne.ca\/en\/wp-json\/wp\/v2\/product_brand?post=1618"},{"taxonomy":"product_cat","embeddable":true,"href":"https:\/\/profenligne.ca\/en\/wp-json\/wp\/v2\/product_cat?post=1618"},{"taxonomy":"product_tag","embeddable":true,"href":"https:\/\/profenligne.ca\/en\/wp-json\/wp\/v2\/product_tag?post=1618"}],"curies":[{"name":"wp","href":"https:\/\/api.w.org\/{rel}","templated":true}]}}