{"id":1554,"date":"2025-07-29T20:50:19","date_gmt":"2025-07-29T20:50:19","guid":{"rendered":"https:\/\/profenligne.ca\/?post_type=product&#038;p=1554"},"modified":"2025-08-20T20:58:07","modified_gmt":"2025-08-20T20:58:07","slug":"ces-maitres-de-la-puanteur-comprehension-lecture","status":"publish","type":"product","link":"https:\/\/profenligne.ca\/en\/product\/ces-maitres-de-la-puanteur-comprehension-lecture\/","title":{"rendered":"Ces ma\u00eetres de la puanteur &#8211; compr\u00e9hension lecture"},"content":{"rendered":"<p>Voici une compr\u00e9hension de lecture portant\u00a0sur 4 \u00e9l\u00e9ments malodorants (animal, fleur, fruit et insecte). Id\u00e9ale pour le 2e et 3e cycle, cette compr\u00e9hension qui fascinera \u00e0 coup s\u00fbr vos \u00e9l\u00e8ves, permet de mieux comprendre les m\u00e9canismes\/buts derri\u00e8re la puanteur de la moufette, de l&rsquo;arum titan (fleur cadavre), du durian, ainsi que de la punaise qui pue.<\/p>\n<p>Vous retrouverez\u00a0:<\/p>\n<ul>\n<li>Un texte informatif de 2\u00a0pages (environ 450 mots)<\/li>\n<li>Un questionnaire (13\u00a0questions)<\/li>\n<li>Le corrig\u00e9<\/li>\n<li>Un quiz\u00a0Forms que vous pouvez modifier \u00e0 votre guise et envoyer \u00e0 vos \u00e9l\u00e8ves.<\/li>\n<\/ul>","protected":false},"excerpt":{"rendered":"<p>Voici une compr\u00e9hension de lecture portant\u00a0sur 4 \u00e9l\u00e9ments malodorants (animal, fleur, fruit et insecte). Id\u00e9ale pour le 2e et 3e cycle, cette compr\u00e9hension qui fascinera \u00e0 coup s\u00fbr vos \u00e9l\u00e8ves, permet de mieux comprendre les m\u00e9canismes\/buts derri\u00e8re la puanteur de la moufette, de l&rsquo;arum titan (fleur cadavre), du durian, ainsi que de la punaise qui&#8230;<\/p>","protected":false},"featured_media":1557,"template":"","meta":{"_kad_post_transparent":"default","_kad_post_title":"","_kad_post_layout":"default","_kad_post_sidebar_id":"","_kad_post_content_style":"default","_kad_post_vertical_padding":"default","_kad_post_feature":"","_kad_post_feature_position":"","_kad_post_header":false,"_kad_post_footer":false},"product_brand":[],"product_cat":[37,38,34,51,57],"product_tag":[175,166,92,171,174,170,168,173,169,167,172],"class_list":{"0":"post-1554","1":"product","2":"type-product","3":"status-publish","4":"has-post-thumbnail","6":"product_cat-2e-cycle","7":"product_cat-3e-cycle","8":"product_cat-francais","9":"product_cat-halloween","10":"product_cat-texte-informatif","11":"product_tag-alimentation","12":"product_tag-ces-maitres-de-la-puanteur","13":"product_tag-comprehension-de-lecture","14":"product_tag-durian","15":"product_tag-fleur","16":"product_tag-fleur-cadavre","17":"product_tag-informatif","18":"product_tag-insecte","19":"product_tag-moufette","20":"product_tag-odeur","21":"product_tag-punaise","23":"first","24":"instock","25":"downloadable","26":"virtual","27":"purchasable","28":"product-type-simple","29":"entry","30":"content-bg","31":"loop-entry"},"jetpack_sharing_enabled":true,"_links":{"self":[{"href":"https:\/\/profenligne.ca\/en\/wp-json\/wp\/v2\/product\/1554","targetHints":{"allow":["GET"]}}],"collection":[{"href":"https:\/\/profenligne.ca\/en\/wp-json\/wp\/v2\/product"}],"about":[{"href":"https:\/\/profenligne.ca\/en\/wp-json\/wp\/v2\/types\/product"}],"version-history":[{"count":1,"href":"https:\/\/profenligne.ca\/en\/wp-json\/wp\/v2\/product\/1554\/revisions"}],"predecessor-version":[{"id":1558,"href":"https:\/\/profenligne.ca\/en\/wp-json\/wp\/v2\/product\/1554\/revisions\/1558"}],"wp:featuredmedia":[{"embeddable":true,"href":"https:\/\/profenligne.ca\/en\/wp-json\/wp\/v2\/media\/1557"}],"wp:attachment":[{"href":"https:\/\/profenligne.ca\/en\/wp-json\/wp\/v2\/media?parent=1554"}],"wp:term":[{"taxonomy":"product_brand","embeddable":true,"href":"https:\/\/profenligne.ca\/en\/wp-json\/wp\/v2\/product_brand?post=1554"},{"taxonomy":"product_cat","embeddable":true,"href":"https:\/\/profenligne.ca\/en\/wp-json\/wp\/v2\/product_cat?post=1554"},{"taxonomy":"product_tag","embeddable":true,"href":"https:\/\/profenligne.ca\/en\/wp-json\/wp\/v2\/product_tag?post=1554"}],"curies":[{"name":"wp","href":"https:\/\/api.w.org\/{rel}","templated":true}]}}