{"id":1532,"date":"2025-07-29T19:53:47","date_gmt":"2025-07-29T19:53:47","guid":{"rendered":"https:\/\/profenligne.ca\/?post_type=product&#038;p=1532"},"modified":"2025-10-22T01:06:20","modified_gmt":"2025-10-22T01:06:20","slug":"ensemble-mythe-ou-realite","status":"publish","type":"product","link":"https:\/\/profenligne.ca\/en\/product\/ensemble-mythe-ou-realite\/","title":{"rendered":"Ensemble &#8211; Mythe ou r\u00e9alit\u00e9"},"content":{"rendered":"<p>Voici un ensemble \u00e9conomique de 7 compr\u00e9hensions de lecture portant sur les fant\u00f4mes, les maisons hant\u00e9es, les sorci\u00e8res, les vampires, les zombies, les sir\u00e8nes et les loups-garous. Id\u00e9ale pour fin 2e cycle et 3e cycle, ces compr\u00e9hensions permettent de mieux comprendre les superstitions entourant ces ph\u00e9nom\u00e8nes, tout en faisant un survol des raisons poussant des personnes \u00e0 y croire, ainsi que certaines caract\u00e9ristiques propres \u00e0 chaque th\u00e8me.<\/p>\n<p>Pour chaque compr\u00e9hension de lecture, vous retrouverez\u00a0:<\/p>\n<ul>\n<li>Un texte informatif de 3 pages en couleur<\/li>\n<li>Un questionnaire (entre 10\u00a0et 12\u00a0questions)<\/li>\n<li>Le corrig\u00e9<\/li>\n<li>Un quiz\u00a0Forms que vous pouvez modifier \u00e0 votre guise et envoyer \u00e0 vos \u00e9l\u00e8ves.<\/li>\n<\/ul>\n<p>Chaque compr\u00e9hension de lecture est \u00e9galement disponible individuellement.<\/p>\n<p>(1 nouveau texte viendra compl\u00e9ter cet ensemble, qui devient alors un ensemble grandissant)<\/p>","protected":false},"excerpt":{"rendered":"<p>Voici un ensemble \u00e9conomique de 7 compr\u00e9hensions de lecture portant sur les fant\u00f4mes, les maisons hant\u00e9es, les sorci\u00e8res, les vampires, les zombies, les sir\u00e8nes et les loups-garous. Id\u00e9ale pour fin 2e cycle et 3e cycle, ces compr\u00e9hensions permettent de mieux comprendre les superstitions entourant ces ph\u00e9nom\u00e8nes, tout en faisant un survol des raisons poussant des&#8230;<\/p>","protected":false},"featured_media":1536,"template":"","meta":{"_kad_post_transparent":"default","_kad_post_title":"","_kad_post_layout":"default","_kad_post_sidebar_id":"","_kad_post_content_style":"default","_kad_post_vertical_padding":"default","_kad_post_feature":"","_kad_post_feature_position":"","_kad_post_header":false,"_kad_post_footer":false},"product_brand":[],"product_cat":[37,38,40,34,51,57],"product_tag":[92,197,203,196,153,591,198,204,195,205,202,199,143,200,201],"class_list":{"0":"post-1532","1":"product","2":"type-product","3":"status-publish","4":"has-post-thumbnail","6":"product_cat-2e-cycle","7":"product_cat-3e-cycle","8":"product_cat-ensemble-economique","9":"product_cat-francais","10":"product_cat-halloween","11":"product_cat-texte-informatif","12":"product_tag-comprehension-de-lecture","13":"product_tag-fantome","14":"product_tag-frankestein","15":"product_tag-halloween","16":"product_tag-legende","17":"product_tag-loup-garou","18":"product_tag-maisons-hantees","19":"product_tag-mythe","20":"product_tag-mythe-ou-realite","21":"product_tag-phenomenes-etranges","22":"product_tag-sirenes","23":"product_tag-sorciere","24":"product_tag-texte-informatif","25":"product_tag-vampires","26":"product_tag-zombies","28":"first","29":"instock","30":"downloadable","31":"virtual","32":"purchasable","33":"product-type-simple","34":"entry","35":"content-bg","36":"loop-entry"},"jetpack_sharing_enabled":true,"_links":{"self":[{"href":"https:\/\/profenligne.ca\/en\/wp-json\/wp\/v2\/product\/1532","targetHints":{"allow":["GET"]}}],"collection":[{"href":"https:\/\/profenligne.ca\/en\/wp-json\/wp\/v2\/product"}],"about":[{"href":"https:\/\/profenligne.ca\/en\/wp-json\/wp\/v2\/types\/product"}],"version-history":[{"count":5,"href":"https:\/\/profenligne.ca\/en\/wp-json\/wp\/v2\/product\/1532\/revisions"}],"predecessor-version":[{"id":2579,"href":"https:\/\/profenligne.ca\/en\/wp-json\/wp\/v2\/product\/1532\/revisions\/2579"}],"wp:featuredmedia":[{"embeddable":true,"href":"https:\/\/profenligne.ca\/en\/wp-json\/wp\/v2\/media\/1536"}],"wp:attachment":[{"href":"https:\/\/profenligne.ca\/en\/wp-json\/wp\/v2\/media?parent=1532"}],"wp:term":[{"taxonomy":"product_brand","embeddable":true,"href":"https:\/\/profenligne.ca\/en\/wp-json\/wp\/v2\/product_brand?post=1532"},{"taxonomy":"product_cat","embeddable":true,"href":"https:\/\/profenligne.ca\/en\/wp-json\/wp\/v2\/product_cat?post=1532"},{"taxonomy":"product_tag","embeddable":true,"href":"https:\/\/profenligne.ca\/en\/wp-json\/wp\/v2\/product_tag?post=1532"}],"curies":[{"name":"wp","href":"https:\/\/api.w.org\/{rel}","templated":true}]}}