{"id":1490,"date":"2025-07-29T19:13:04","date_gmt":"2025-07-29T19:13:04","guid":{"rendered":"https:\/\/profenligne.ca\/?post_type=product&#038;p=1490"},"modified":"2025-08-21T00:46:28","modified_gmt":"2025-08-21T00:46:28","slug":"les-saisons-ensemble-dactivites","status":"publish","type":"product","link":"https:\/\/profenligne.ca\/en\/product\/les-saisons-ensemble-dactivites\/","title":{"rendered":"Les saisons &#8211; Ensemble d&rsquo;activit\u00e9s"},"content":{"rendered":"<p>Voici un ensemble d&rsquo;activit\u00e9s portant sur les saisons.<\/p>\n<p>Ce document comprend :<\/p>\n<ul>\n<li>Une activit\u00e9 o\u00f9 les \u00e9l\u00e8ves doivent d\u00e9terminer des \u00e9l\u00e9ments relatifs \u00e0 chaque saison, tout en partageant leurs go\u00fbts ;<\/li>\n<li>Une compr\u00e9hension de lecture portant sur des faits m\u00e9connus (4 faits par saison), ainsi que 13 questions ;<\/li>\n<li>Mots cach\u00e9s sur les saisons ;<\/li>\n<li>Un corrig\u00e9<\/li>\n<li>Un \u00e9crit, ma saison pr\u00e9f\u00e9r\u00e9e,\u00a0disponible en 2 versions : 5@7 ou texte descriptif<\/li>\n<\/ul>","protected":false},"excerpt":{"rendered":"<p>Voici un ensemble d&rsquo;activit\u00e9s portant sur les saisons. Ce document comprend : Une activit\u00e9 o\u00f9 les \u00e9l\u00e8ves doivent d\u00e9terminer des \u00e9l\u00e9ments relatifs \u00e0 chaque saison, tout en partageant leurs go\u00fbts ; Une compr\u00e9hension de lecture portant sur des faits m\u00e9connus (4 faits par saison), ainsi que 13 questions ; Mots cach\u00e9s sur les saisons ;&#8230;<\/p>","protected":false},"featured_media":1493,"template":"","meta":{"_kad_post_transparent":"default","_kad_post_title":"","_kad_post_layout":"default","_kad_post_sidebar_id":"","_kad_post_content_style":"default","_kad_post_vertical_padding":"default","_kad_post_feature":"","_kad_post_feature_position":"","_kad_post_header":false,"_kad_post_footer":false},"product_brand":[],"product_cat":[37,38,59,34,57],"product_tag":[226,92,230,109,229,228,227,130,110,223],"class_list":{"0":"post-1490","1":"product","2":"type-product","3":"status-publish","4":"has-post-thumbnail","6":"product_cat-2e-cycle","7":"product_cat-3e-cycle","8":"product_cat-ecrit","9":"product_cat-francais","10":"product_cat-texte-informatif","11":"product_tag-automne","12":"product_tag-comprehension-de-lecture","13":"product_tag-ensemble-dactivites","14":"product_tag-ete","15":"product_tag-faits-meconnus","16":"product_tag-hiver","17":"product_tag-les-saisons","18":"product_tag-mots-caches","19":"product_tag-printemps","20":"product_tag-texte-descriptif","22":"first","23":"instock","24":"downloadable","25":"virtual","26":"purchasable","27":"product-type-simple","28":"entry","29":"content-bg","30":"loop-entry"},"jetpack_sharing_enabled":true,"_links":{"self":[{"href":"https:\/\/profenligne.ca\/en\/wp-json\/wp\/v2\/product\/1490","targetHints":{"allow":["GET"]}}],"collection":[{"href":"https:\/\/profenligne.ca\/en\/wp-json\/wp\/v2\/product"}],"about":[{"href":"https:\/\/profenligne.ca\/en\/wp-json\/wp\/v2\/types\/product"}],"version-history":[{"count":1,"href":"https:\/\/profenligne.ca\/en\/wp-json\/wp\/v2\/product\/1490\/revisions"}],"predecessor-version":[{"id":1495,"href":"https:\/\/profenligne.ca\/en\/wp-json\/wp\/v2\/product\/1490\/revisions\/1495"}],"wp:featuredmedia":[{"embeddable":true,"href":"https:\/\/profenligne.ca\/en\/wp-json\/wp\/v2\/media\/1493"}],"wp:attachment":[{"href":"https:\/\/profenligne.ca\/en\/wp-json\/wp\/v2\/media?parent=1490"}],"wp:term":[{"taxonomy":"product_brand","embeddable":true,"href":"https:\/\/profenligne.ca\/en\/wp-json\/wp\/v2\/product_brand?post=1490"},{"taxonomy":"product_cat","embeddable":true,"href":"https:\/\/profenligne.ca\/en\/wp-json\/wp\/v2\/product_cat?post=1490"},{"taxonomy":"product_tag","embeddable":true,"href":"https:\/\/profenligne.ca\/en\/wp-json\/wp\/v2\/product_tag?post=1490"}],"curies":[{"name":"wp","href":"https:\/\/api.w.org\/{rel}","templated":true}]}}