{"id":1461,"date":"2025-07-29T00:18:02","date_gmt":"2025-07-29T00:18:02","guid":{"rendered":"https:\/\/profenligne.ca\/?post_type=product&#038;p=1461"},"modified":"2025-08-21T00:59:34","modified_gmt":"2025-08-21T00:59:34","slug":"les-celebrations-a-travers-le-monde","status":"publish","type":"product","link":"https:\/\/profenligne.ca\/en\/product\/les-celebrations-a-travers-le-monde\/","title":{"rendered":"Les c\u00e9l\u00e9brations \u00e0 travers le monde"},"content":{"rendered":"<p>Voici un ensemble comprenant 6 compr\u00e9hensions de lecture portant sur les c\u00e9l\u00e9brations \u00e0 travers le monde.<\/p>\n<p>Chaque compr\u00e9hension explore les origines des c\u00e9l\u00e9brations, ainsi que sur les diff\u00e9rentes traditions (certaines plus cocasses que d&rsquo;autres) entourant ces c\u00e9l\u00e9brations et ce, dans de nombreux pays.<\/p>\n<p>Cet ensemble comprend :<\/p>\n<p>&nbsp;<\/p>\n<p>Les questions sont vari\u00e9es, allant du rep\u00e9rage, aux inf\u00e9rences, \u00e0 l&rsquo;appr\u00e9ciation et bien plus.<\/p>\n<p>Corrig\u00e9 inclus.<\/p>\n<p><strong>Ces compr\u00e9hensions sont \u00e9galement disponibles individuellement sur ma boutique.\u00a0<\/strong><\/p>\n<p>********* No\u00ebl dans le monde n&rsquo;est pas inclus dans cet ensemble, puisqu&rsquo;il poss\u00e8de d\u00e9j\u00e0 son propre ensemble, disponible ici :<\/p>","protected":false},"excerpt":{"rendered":"<p>Voici un ensemble comprenant 6 compr\u00e9hensions de lecture portant sur les c\u00e9l\u00e9brations \u00e0 travers le monde. Chaque compr\u00e9hension explore les origines des c\u00e9l\u00e9brations, ainsi que sur les diff\u00e9rentes traditions (certaines plus cocasses que d&rsquo;autres) entourant ces c\u00e9l\u00e9brations et ce, dans de nombreux pays. Cet ensemble comprend : &nbsp; Les questions sont vari\u00e9es, allant du rep\u00e9rage,&#8230;<\/p>","protected":false},"featured_media":1464,"template":"","meta":{"_kad_post_transparent":"default","_kad_post_title":"","_kad_post_layout":"default","_kad_post_sidebar_id":"","_kad_post_content_style":"default","_kad_post_vertical_padding":"default","_kad_post_feature":"","_kad_post_feature_position":"","_kad_post_header":false,"_kad_post_footer":false},"product_brand":[],"product_cat":[38,40,34,51,43,45,53,35,57],"product_tag":[256,255,262,196,260,259,258,257,261],"class_list":{"0":"post-1461","1":"product","2":"type-product","3":"status-publish","4":"has-post-thumbnail","6":"product_cat-3e-cycle","7":"product_cat-ensemble-economique","8":"product_cat-francais","9":"product_cat-halloween","10":"product_cat-paques","11":"product_cat-poisson-davril","12":"product_cat-saint-patrick","13":"product_cat-saint-valentin","14":"product_cat-texte-informatif","15":"product_tag-a-travers-le-monde","16":"product_tag-celebration","17":"product_tag-ensemble-economique","18":"product_tag-halloween","19":"product_tag-jour-des-morts","20":"product_tag-la-saint-patrick","21":"product_tag-la-saint-valentin-a-travers-le-monde","22":"product_tag-paques-dans-le-monde","23":"product_tag-poisson-davril","25":"first","26":"instock","27":"downloadable","28":"virtual","29":"purchasable","30":"product-type-simple","31":"entry","32":"content-bg","33":"loop-entry"},"jetpack_sharing_enabled":true,"_links":{"self":[{"href":"https:\/\/profenligne.ca\/en\/wp-json\/wp\/v2\/product\/1461","targetHints":{"allow":["GET"]}}],"collection":[{"href":"https:\/\/profenligne.ca\/en\/wp-json\/wp\/v2\/product"}],"about":[{"href":"https:\/\/profenligne.ca\/en\/wp-json\/wp\/v2\/types\/product"}],"version-history":[{"count":2,"href":"https:\/\/profenligne.ca\/en\/wp-json\/wp\/v2\/product\/1461\/revisions"}],"predecessor-version":[{"id":2222,"href":"https:\/\/profenligne.ca\/en\/wp-json\/wp\/v2\/product\/1461\/revisions\/2222"}],"wp:featuredmedia":[{"embeddable":true,"href":"https:\/\/profenligne.ca\/en\/wp-json\/wp\/v2\/media\/1464"}],"wp:attachment":[{"href":"https:\/\/profenligne.ca\/en\/wp-json\/wp\/v2\/media?parent=1461"}],"wp:term":[{"taxonomy":"product_brand","embeddable":true,"href":"https:\/\/profenligne.ca\/en\/wp-json\/wp\/v2\/product_brand?post=1461"},{"taxonomy":"product_cat","embeddable":true,"href":"https:\/\/profenligne.ca\/en\/wp-json\/wp\/v2\/product_cat?post=1461"},{"taxonomy":"product_tag","embeddable":true,"href":"https:\/\/profenligne.ca\/en\/wp-json\/wp\/v2\/product_tag?post=1461"}],"curies":[{"name":"wp","href":"https:\/\/api.w.org\/{rel}","templated":true}]}}