{"id":1406,"date":"2025-07-26T19:47:38","date_gmt":"2025-07-26T19:47:38","guid":{"rendered":"https:\/\/profenligne.ca\/?post_type=product&#038;p=1406"},"modified":"2025-08-23T19:38:44","modified_gmt":"2025-08-23T19:38:44","slug":"ensemble-enquetes-interactives-3e-cycle","status":"publish","type":"product","link":"https:\/\/profenligne.ca\/en\/product\/ensemble-enquetes-interactives-3e-cycle\/","title":{"rendered":"Ensemble enqu\u00eates interactives &#8211; 3e cycle"},"content":{"rendered":"<p>Voici un ensemble de 3 enqu\u00eates interactives, ainsi que leur format atelier (PDF non interactif), pour le 3e cycle.<\/p>\n<p>Les activit\u00e9s portent sur :<\/p>\n<p>&#8211; <u><strong>Les fractions<\/strong><\/u> (8 d\u00e9fis : Ordre croissant et\u00a0 d\u00e9croissant des fractions, transformations de fractions (en lettre, en nombre d\u00e9cimal, en fraction), fractions irr\u00e9ductibles, trouver la partie d&rsquo;un tout, additions et soustractions de fractions, plus petit, plus grand ou \u00e9gal, multiplication de fractions , ainsi qu&rsquo;un petit probl\u00e8me raisonner). Disponible individuellement ici :<\/p>\n<p><u><strong>&#8211; La mesure <\/strong><\/u>(8 d\u00e9fis : S\u00e9lection de la mesure la plus appropri\u00e9e , comparaisons d&rsquo;unit\u00e9s de mesure (plus grand, plus petit ou \u00e9gal), trouver des \u00e9quivalences d&rsquo;unit\u00e9s de mesure, l&rsquo;ordre croissant et d\u00e9croissant, associer les \u00e9quivalences d&rsquo;unit\u00e9s de mesure, vrai ou faux, p\u00e9rim\u00e8tre avec des unit\u00e9s de mesure de longueur diff\u00e9rentes, ainsi qu&rsquo;un probl\u00e8me raisonner). Disponible individuellement ici :<\/p>\n<p><u><strong>&#8211; Les nombres d\u00e9cimaux<\/strong><\/u> (8 d\u00e9fis : La comparaison de nombres d\u00e9cimaux (plus grand, plus petit ou \u00e9gal), l&rsquo;ordre croissant et d\u00e9croissant, arrondir les nombres d\u00e9cimaux au dixi\u00e8me et \u00e0 l&rsquo;unit\u00e9, additionner et soustraire des nombres d\u00e9cimaux, associer le nombre en chiffres \u00e0 leur quantit\u00e9 en lettres, un petit probl\u00e8me raisonner, ainsi que des petites devinettes). Disponible individuellement ici :<\/p>\n<p>*Corrig\u00e9s inclus<\/p>\n<p>IMPORTANT : La portion interactive fonctionne au TNI, sur les ordinateurs portables, ainsi que sur les Ipads (dans l&rsquo;application Power Point). Cela ne fonctionne malheureusement pas sur les Chromebooks.<\/p>\n<p>**Les enqu\u00eates sont aussi disponibles individuellement.<\/p>","protected":false},"excerpt":{"rendered":"<p>Voici un ensemble de 3 enqu\u00eates interactives, ainsi que leur format atelier (PDF non interactif), pour le 3e cycle. Les activit\u00e9s portent sur : &#8211; Les fractions (8 d\u00e9fis : Ordre croissant et\u00a0 d\u00e9croissant des fractions, transformations de fractions (en lettre, en nombre d\u00e9cimal, en fraction), fractions irr\u00e9ductibles, trouver la partie d&rsquo;un tout, additions et&#8230;<\/p>","protected":false},"featured_media":1410,"template":"","meta":{"_kad_post_transparent":"default","_kad_post_title":"","_kad_post_layout":"default","_kad_post_sidebar_id":"","_kad_post_content_style":"default","_kad_post_vertical_padding":"default","_kad_post_feature":"","_kad_post_feature_position":"","_kad_post_header":false,"_kad_post_footer":false},"product_brand":[],"product_cat":[38,19,36],"product_tag":[293,27,299,298,301,294,22,296,295,24,297,302,300,28,303],"class_list":{"0":"post-1406","1":"product","2":"type-product","3":"status-publish","4":"has-post-thumbnail","6":"product_cat-3e-cycle","7":"product_cat-activites-interactives","8":"product_cat-mathematique","9":"product_tag-activites-interactives","10":"product_tag-addition","11":"product_tag-comparaison","12":"product_tag-decimal","13":"product_tag-fraction-irreductible","14":"product_tag-fractions","15":"product_tag-interactif","16":"product_tag-longueur","17":"product_tag-mesure","18":"product_tag-multiplication","19":"product_tag-nombre-decimaux","20":"product_tag-perimetre","21":"product_tag-reduction","22":"product_tag-soustraction","23":"product_tag-unites","25":"first","26":"instock","27":"downloadable","28":"virtual","29":"purchasable","30":"product-type-simple","31":"entry","32":"content-bg","33":"loop-entry"},"jetpack_sharing_enabled":true,"_links":{"self":[{"href":"https:\/\/profenligne.ca\/en\/wp-json\/wp\/v2\/product\/1406","targetHints":{"allow":["GET"]}}],"collection":[{"href":"https:\/\/profenligne.ca\/en\/wp-json\/wp\/v2\/product"}],"about":[{"href":"https:\/\/profenligne.ca\/en\/wp-json\/wp\/v2\/types\/product"}],"version-history":[{"count":1,"href":"https:\/\/profenligne.ca\/en\/wp-json\/wp\/v2\/product\/1406\/revisions"}],"predecessor-version":[{"id":1409,"href":"https:\/\/profenligne.ca\/en\/wp-json\/wp\/v2\/product\/1406\/revisions\/1409"}],"wp:featuredmedia":[{"embeddable":true,"href":"https:\/\/profenligne.ca\/en\/wp-json\/wp\/v2\/media\/1410"}],"wp:attachment":[{"href":"https:\/\/profenligne.ca\/en\/wp-json\/wp\/v2\/media?parent=1406"}],"wp:term":[{"taxonomy":"product_brand","embeddable":true,"href":"https:\/\/profenligne.ca\/en\/wp-json\/wp\/v2\/product_brand?post=1406"},{"taxonomy":"product_cat","embeddable":true,"href":"https:\/\/profenligne.ca\/en\/wp-json\/wp\/v2\/product_cat?post=1406"},{"taxonomy":"product_tag","embeddable":true,"href":"https:\/\/profenligne.ca\/en\/wp-json\/wp\/v2\/product_tag?post=1406"}],"curies":[{"name":"wp","href":"https:\/\/api.w.org\/{rel}","templated":true}]}}