{"id":1388,"date":"2025-07-26T19:29:40","date_gmt":"2025-07-26T19:29:40","guid":{"rendered":"https:\/\/profenligne.ca\/?post_type=product&#038;p=1388"},"modified":"2025-08-21T01:27:25","modified_gmt":"2025-08-21T01:27:25","slug":"une-journee-farfelue-comprehension-lecture","status":"publish","type":"product","link":"https:\/\/profenligne.ca\/en\/product\/une-journee-farfelue-comprehension-lecture\/","title":{"rendered":"Une journ\u00e9e farfelue &#8211; compr\u00e9hension lecture"},"content":{"rendered":"<p>Voici une compr\u00e9hension de lecture (texte narratif) portant sur une s\u00e9rie de farces et attrapes organis\u00e9es par des enfants et des enseignants(es), lors de la journ\u00e9e du \u00ab\u00a0Poisson d&rsquo;avril\u00a0\u00bb. Id\u00e9al pour les \u00e9l\u00e8ves de 3e \u00e0 5e ann\u00e9e.<\/p>\n<p><u>Ce document comprend :<\/u><\/p>\n<ul>\n<li>2\u00a0pages de texte (environ 600 mots), ainsi qu&rsquo;une\u00a0version avec la calligraphie Times New Roman, afin de pouvoir l&rsquo;utiliser avec les outils techno.<\/li>\n<li>11 questions vari\u00e9es<\/li>\n<li>Un lien Forms\u00a0que vous pouvez modifier avant de l&rsquo;envoyer \u00e0 vos \u00e9l\u00e8ves<\/li>\n<li>Un corrig\u00e9<\/li>\n<\/ul>","protected":false},"excerpt":{"rendered":"<p>Voici une compr\u00e9hension de lecture (texte narratif) portant sur une s\u00e9rie de farces et attrapes organis\u00e9es par des enfants et des enseignants(es), lors de la journ\u00e9e du \u00ab\u00a0Poisson d&rsquo;avril\u00a0\u00bb. Id\u00e9al pour les \u00e9l\u00e8ves de 3e \u00e0 5e ann\u00e9e. Ce document comprend : 2\u00a0pages de texte (environ 600 mots), ainsi qu&rsquo;une\u00a0version avec la calligraphie Times New&#8230;<\/p>","protected":false},"featured_media":1393,"template":"","meta":{"_kad_post_transparent":"default","_kad_post_title":"","_kad_post_layout":"default","_kad_post_sidebar_id":"","_kad_post_content_style":"default","_kad_post_vertical_padding":"default","_kad_post_feature":"","_kad_post_feature_position":"","_kad_post_header":false,"_kad_post_footer":false},"product_brand":[],"product_cat":[37,38,34,45,56],"product_tag":[320,316,314,92,317,318,315,319,313,110,148],"class_list":{"0":"post-1388","1":"product","2":"type-product","3":"status-publish","4":"has-post-thumbnail","6":"product_cat-2e-cycle","7":"product_cat-3e-cycle","8":"product_cat-francais","9":"product_cat-poisson-davril","10":"product_cat-texte-narratif","11":"product_tag-aquatique","12":"product_tag-attrapes","13":"product_tag-blagues","14":"product_tag-comprehension-de-lecture","15":"product_tag-eleve","16":"product_tag-enseignants","17":"product_tag-farces","18":"product_tag-poisson","19":"product_tag-poisson-avril","20":"product_tag-printemps","21":"product_tag-texte-narratif","23":"first","24":"instock","25":"downloadable","26":"virtual","27":"purchasable","28":"product-type-simple","29":"entry","30":"content-bg","31":"loop-entry"},"jetpack_sharing_enabled":true,"_links":{"self":[{"href":"https:\/\/profenligne.ca\/en\/wp-json\/wp\/v2\/product\/1388","targetHints":{"allow":["GET"]}}],"collection":[{"href":"https:\/\/profenligne.ca\/en\/wp-json\/wp\/v2\/product"}],"about":[{"href":"https:\/\/profenligne.ca\/en\/wp-json\/wp\/v2\/types\/product"}],"version-history":[{"count":2,"href":"https:\/\/profenligne.ca\/en\/wp-json\/wp\/v2\/product\/1388\/revisions"}],"predecessor-version":[{"id":1920,"href":"https:\/\/profenligne.ca\/en\/wp-json\/wp\/v2\/product\/1388\/revisions\/1920"}],"wp:featuredmedia":[{"embeddable":true,"href":"https:\/\/profenligne.ca\/en\/wp-json\/wp\/v2\/media\/1393"}],"wp:attachment":[{"href":"https:\/\/profenligne.ca\/en\/wp-json\/wp\/v2\/media?parent=1388"}],"wp:term":[{"taxonomy":"product_brand","embeddable":true,"href":"https:\/\/profenligne.ca\/en\/wp-json\/wp\/v2\/product_brand?post=1388"},{"taxonomy":"product_cat","embeddable":true,"href":"https:\/\/profenligne.ca\/en\/wp-json\/wp\/v2\/product_cat?post=1388"},{"taxonomy":"product_tag","embeddable":true,"href":"https:\/\/profenligne.ca\/en\/wp-json\/wp\/v2\/product_tag?post=1388"}],"curies":[{"name":"wp","href":"https:\/\/api.w.org\/{rel}","templated":true}]}}