{"id":1356,"date":"2025-07-26T19:11:01","date_gmt":"2025-07-26T19:11:01","guid":{"rendered":"https:\/\/profenligne.ca\/?post_type=product&#038;p=1356"},"modified":"2025-08-21T13:42:59","modified_gmt":"2025-08-21T13:42:59","slug":"saint-valentin-banderole-decorative","status":"publish","type":"product","link":"https:\/\/profenligne.ca\/en\/product\/saint-valentin-banderole-decorative\/","title":{"rendered":"Saint-Valentin (banderole d\u00e9corative)"},"content":{"rendered":"<p>Voici une belle activit\u00e9 \u00e0 faire avec vos \u00e9l\u00e8ves pour la Saint-Valentin.<\/p>\n<p>Une fois compl\u00e9t\u00e9e, vous pouvez la plastifier (si vous le d\u00e9sirez), avant de l&rsquo;assembler avec une ficelle.<\/p>\n<p><u>Ce document comprend :\u00a0<\/u><\/p>\n<ul>\n<li>Deux versions (en ce qui a trait au dessin dans le bas de la banni\u00e8re)<\/li>\n<li>Deux images pour les extr\u00e9mit\u00e9s de la banderole<\/li>\n<li>Trois mod\u00e8les de languettes en papier \u00e0 compl\u00e9ter et \u00e0 assembler afin de cr\u00e9er une guirlande en papier mettant l&rsquo;accent sur le lien d&rsquo;attachement\n<ul>\n<li>J&rsquo;aime l&rsquo;\u00e9cole parce que&#8230;<\/li>\n<li>J&rsquo;aime ma classe parce que&#8230;<\/li>\n<li>Je suis reconnaissant(e) parce que&#8230;<\/li>\n<\/ul>\n<\/li>\n<\/ul>","protected":false},"excerpt":{"rendered":"<p>Voici une belle activit\u00e9 \u00e0 faire avec vos \u00e9l\u00e8ves pour la Saint-Valentin. Une fois compl\u00e9t\u00e9e, vous pouvez la plastifier (si vous le d\u00e9sirez), avant de l&rsquo;assembler avec une ficelle. Ce document comprend :\u00a0 Deux versions (en ce qui a trait au dessin dans le bas de la banni\u00e8re) Deux images pour les extr\u00e9mit\u00e9s de la&#8230;<\/p>","protected":false},"featured_media":1361,"template":"","meta":{"_kad_post_transparent":"default","_kad_post_title":"","_kad_post_layout":"default","_kad_post_sidebar_id":"","_kad_post_content_style":"default","_kad_post_vertical_padding":"default","_kad_post_feature":"","_kad_post_feature_position":"","_kad_post_header":false,"_kad_post_footer":false},"product_brand":[],"product_cat":[55,35],"product_tag":[158,161,337,338,339,177,157,163],"class_list":{"0":"post-1356","1":"product","2":"type-product","3":"status-publish","4":"has-post-thumbnail","6":"product_cat-affichage","7":"product_cat-saint-valentin","8":"product_tag-amitie","9":"product_tag-amour","10":"product_tag-banderole","11":"product_tag-banniere","12":"product_tag-decoration","13":"product_tag-lien-attachement","14":"product_tag-saint-valentin","15":"product_tag-st-valentin","17":"first","18":"instock","19":"downloadable","20":"virtual","21":"purchasable","22":"product-type-simple","23":"entry","24":"content-bg","25":"loop-entry"},"jetpack_sharing_enabled":true,"_links":{"self":[{"href":"https:\/\/profenligne.ca\/en\/wp-json\/wp\/v2\/product\/1356","targetHints":{"allow":["GET"]}}],"collection":[{"href":"https:\/\/profenligne.ca\/en\/wp-json\/wp\/v2\/product"}],"about":[{"href":"https:\/\/profenligne.ca\/en\/wp-json\/wp\/v2\/types\/product"}],"version-history":[{"count":1,"href":"https:\/\/profenligne.ca\/en\/wp-json\/wp\/v2\/product\/1356\/revisions"}],"predecessor-version":[{"id":1362,"href":"https:\/\/profenligne.ca\/en\/wp-json\/wp\/v2\/product\/1356\/revisions\/1362"}],"wp:featuredmedia":[{"embeddable":true,"href":"https:\/\/profenligne.ca\/en\/wp-json\/wp\/v2\/media\/1361"}],"wp:attachment":[{"href":"https:\/\/profenligne.ca\/en\/wp-json\/wp\/v2\/media?parent=1356"}],"wp:term":[{"taxonomy":"product_brand","embeddable":true,"href":"https:\/\/profenligne.ca\/en\/wp-json\/wp\/v2\/product_brand?post=1356"},{"taxonomy":"product_cat","embeddable":true,"href":"https:\/\/profenligne.ca\/en\/wp-json\/wp\/v2\/product_cat?post=1356"},{"taxonomy":"product_tag","embeddable":true,"href":"https:\/\/profenligne.ca\/en\/wp-json\/wp\/v2\/product_tag?post=1356"}],"curies":[{"name":"wp","href":"https:\/\/api.w.org\/{rel}","templated":true}]}}