{"id":1332,"date":"2025-07-26T18:56:27","date_gmt":"2025-07-26T18:56:27","guid":{"rendered":"https:\/\/profenligne.ca\/?post_type=product&#038;p=1332"},"modified":"2025-08-21T13:50:21","modified_gmt":"2025-08-21T13:50:21","slug":"les-12-mois-de-lannee-comprehension-lecture","status":"publish","type":"product","link":"https:\/\/profenligne.ca\/en\/product\/les-12-mois-de-lannee-comprehension-lecture\/","title":{"rendered":"Les 12 mois de l&rsquo;ann\u00e9e &#8211; Compr\u00e9hension lecture"},"content":{"rendered":"<p>Voici une compr\u00e9hension de lecture sur les 12 mois de l&rsquo;ann\u00e9e.<\/p>\n<p>Il s&rsquo;agit d&rsquo;un texte informatif sur l&rsquo;apparition des premiers calendriers, l&rsquo;\u00e9volution de ces derniers et ce, jusqu&rsquo;\u00e0 la cr\u00e9ation de notre calendrier actuel comportant 12 mois, l&rsquo;importance des ann\u00e9es bissextiles, ainsi que sur la signification des noms des 12 mois de l&rsquo;ann\u00e9e.<\/p>\n<p><u>Ce document comprend :<\/u><\/p>\n<ul>\n<li>3 pages de texte<\/li>\n<li>11 questions<\/li>\n<li>Un lien Forms que vous pouvez modifier avant de l&rsquo;envoyer \u00e0 vos \u00e9l\u00e8ves<\/li>\n<li>Un corrig\u00e9<\/li>\n<\/ul>","protected":false},"excerpt":{"rendered":"<p>Voici une compr\u00e9hension de lecture sur les 12 mois de l&rsquo;ann\u00e9e. Il s&rsquo;agit d&rsquo;un texte informatif sur l&rsquo;apparition des premiers calendriers, l&rsquo;\u00e9volution de ces derniers et ce, jusqu&rsquo;\u00e0 la cr\u00e9ation de notre calendrier actuel comportant 12 mois, l&rsquo;importance des ann\u00e9es bissextiles, ainsi que sur la signification des noms des 12 mois de l&rsquo;ann\u00e9e. Ce document&#8230;<\/p>","protected":false},"featured_media":1337,"template":"","meta":{"_kad_post_transparent":"default","_kad_post_title":"","_kad_post_layout":"default","_kad_post_sidebar_id":"","_kad_post_content_style":"default","_kad_post_vertical_padding":"default","_kad_post_feature":"","_kad_post_feature_position":"","_kad_post_header":false,"_kad_post_footer":false},"product_brand":[],"product_cat":[37,38,34,57],"product_tag":[359,226,360,184,109,228,362,110,361,363],"class_list":{"0":"post-1332","1":"product","2":"type-product","3":"status-publish","4":"has-post-thumbnail","6":"product_cat-2e-cycle","7":"product_cat-3e-cycle","8":"product_cat-francais","9":"product_cat-texte-informatif","10":"product_tag-12-mois-de-lannee","11":"product_tag-automne","12":"product_tag-calendrier","13":"product_tag-comprehension-lecture","14":"product_tag-ete","15":"product_tag-hiver","16":"product_tag-jules-cesar","17":"product_tag-printemps","18":"product_tag-rome","19":"product_tag-saison","21":"first","22":"instock","23":"downloadable","24":"virtual","25":"purchasable","26":"product-type-simple","27":"entry","28":"content-bg","29":"loop-entry"},"jetpack_sharing_enabled":true,"_links":{"self":[{"href":"https:\/\/profenligne.ca\/en\/wp-json\/wp\/v2\/product\/1332","targetHints":{"allow":["GET"]}}],"collection":[{"href":"https:\/\/profenligne.ca\/en\/wp-json\/wp\/v2\/product"}],"about":[{"href":"https:\/\/profenligne.ca\/en\/wp-json\/wp\/v2\/types\/product"}],"version-history":[{"count":1,"href":"https:\/\/profenligne.ca\/en\/wp-json\/wp\/v2\/product\/1332\/revisions"}],"predecessor-version":[{"id":1336,"href":"https:\/\/profenligne.ca\/en\/wp-json\/wp\/v2\/product\/1332\/revisions\/1336"}],"wp:featuredmedia":[{"embeddable":true,"href":"https:\/\/profenligne.ca\/en\/wp-json\/wp\/v2\/media\/1337"}],"wp:attachment":[{"href":"https:\/\/profenligne.ca\/en\/wp-json\/wp\/v2\/media?parent=1332"}],"wp:term":[{"taxonomy":"product_brand","embeddable":true,"href":"https:\/\/profenligne.ca\/en\/wp-json\/wp\/v2\/product_brand?post=1332"},{"taxonomy":"product_cat","embeddable":true,"href":"https:\/\/profenligne.ca\/en\/wp-json\/wp\/v2\/product_cat?post=1332"},{"taxonomy":"product_tag","embeddable":true,"href":"https:\/\/profenligne.ca\/en\/wp-json\/wp\/v2\/product_tag?post=1332"}],"curies":[{"name":"wp","href":"https:\/\/api.w.org\/{rel}","templated":true}]}}