{"id":1254,"date":"2025-07-26T01:19:17","date_gmt":"2025-07-26T01:19:17","guid":{"rendered":"https:\/\/profenligne.ca\/?post_type=product&#038;p=1254"},"modified":"2025-08-12T01:12:11","modified_gmt":"2025-08-12T01:12:11","slug":"intelligence-artificielle-comprehension-lecture","status":"publish","type":"product","link":"https:\/\/profenligne.ca\/en\/product\/intelligence-artificielle-comprehension-lecture\/","title":{"rendered":"Intelligence artificielle &#8211; compr\u00e9hension lecture"},"content":{"rendered":"<p>Voici une compr\u00e9hension de lecture portant\u00a0sur l&rsquo;intelligence artificielle. Id\u00e9ale pour fin 4e ann\u00e9e et le 3e cycle, cette compr\u00e9hension permet de mieux comprendre le concept d&rsquo;intelligence artificielle, son origine, les diff\u00e9rents types d&rsquo;IA, ainsi que certains avantages et inconv\u00e9nients li\u00e9s \u00e0 son utilisation.<\/p>\n<p>Vous retrouverez\u00a0:<\/p>\n<ul>\n<li>Un texte informatif de 3 pages en couleur et un en noir et blanc, ainsi qu&rsquo;une version en Times New Roman pour pouvoir utiliser avec la synth\u00e8se vocale<\/li>\n<li>Un questionnaire (11 questions)<\/li>\n<li>Le corrig\u00e9<\/li>\n<li>Un quiz Forms que vous pouvez modifier \u00e0 votre guise et envoyer \u00e0 vos \u00e9l\u00e8ves.<\/li>\n<\/ul>\n<p><strong>Disponible dans l&rsquo;ensemble \u00e9conomique : Les technologies<\/strong><\/p>","protected":false},"excerpt":{"rendered":"<p>Voici une compr\u00e9hension de lecture portant\u00a0sur l&rsquo;intelligence artificielle. Id\u00e9ale pour fin 4e ann\u00e9e et le 3e cycle, cette compr\u00e9hension permet de mieux comprendre le concept d&rsquo;intelligence artificielle, son origine, les diff\u00e9rents types d&rsquo;IA, ainsi que certains avantages et inconv\u00e9nients li\u00e9s \u00e0 son utilisation. Vous retrouverez\u00a0: Un texte informatif de 3 pages en couleur et un&#8230;<\/p>","protected":false},"featured_media":1258,"template":"","meta":{"_kad_post_transparent":"default","_kad_post_title":"","_kad_post_layout":"default","_kad_post_sidebar_id":"","_kad_post_content_style":"default","_kad_post_vertical_padding":"default","_kad_post_feature":"","_kad_post_feature_position":"","_kad_post_header":false,"_kad_post_footer":false},"product_brand":[],"product_cat":[38,34,54,57],"product_tag":[92,408,207,405,406,407,123],"class_list":{"0":"post-1254","1":"product","2":"type-product","3":"status-publish","4":"has-post-thumbnail","6":"product_cat-3e-cycle","7":"product_cat-francais","8":"product_cat-technologie","9":"product_cat-texte-informatif","10":"product_tag-comprehension-de-lecture","11":"product_tag-cyberintimidation","12":"product_tag-francais","13":"product_tag-intelligence-artificielle","14":"product_tag-realite-virtuelle","15":"product_tag-robotique","16":"product_tag-technologie","18":"first","19":"instock","20":"downloadable","21":"virtual","22":"purchasable","23":"product-type-simple","24":"entry","25":"content-bg","26":"loop-entry"},"jetpack_sharing_enabled":true,"_links":{"self":[{"href":"https:\/\/profenligne.ca\/en\/wp-json\/wp\/v2\/product\/1254","targetHints":{"allow":["GET"]}}],"collection":[{"href":"https:\/\/profenligne.ca\/en\/wp-json\/wp\/v2\/product"}],"about":[{"href":"https:\/\/profenligne.ca\/en\/wp-json\/wp\/v2\/types\/product"}],"version-history":[{"count":3,"href":"https:\/\/profenligne.ca\/en\/wp-json\/wp\/v2\/product\/1254\/revisions"}],"predecessor-version":[{"id":1934,"href":"https:\/\/profenligne.ca\/en\/wp-json\/wp\/v2\/product\/1254\/revisions\/1934"}],"wp:featuredmedia":[{"embeddable":true,"href":"https:\/\/profenligne.ca\/en\/wp-json\/wp\/v2\/media\/1258"}],"wp:attachment":[{"href":"https:\/\/profenligne.ca\/en\/wp-json\/wp\/v2\/media?parent=1254"}],"wp:term":[{"taxonomy":"product_brand","embeddable":true,"href":"https:\/\/profenligne.ca\/en\/wp-json\/wp\/v2\/product_brand?post=1254"},{"taxonomy":"product_cat","embeddable":true,"href":"https:\/\/profenligne.ca\/en\/wp-json\/wp\/v2\/product_cat?post=1254"},{"taxonomy":"product_tag","embeddable":true,"href":"https:\/\/profenligne.ca\/en\/wp-json\/wp\/v2\/product_tag?post=1254"}],"curies":[{"name":"wp","href":"https:\/\/api.w.org\/{rel}","templated":true}]}}