{"id":1246,"date":"2025-07-26T01:15:50","date_gmt":"2025-07-26T01:15:50","guid":{"rendered":"https:\/\/profenligne.ca\/?post_type=product&#038;p=1246"},"modified":"2025-08-21T14:30:13","modified_gmt":"2025-08-21T14:30:13","slug":"mes-defis-pas-betes-du-tout","status":"publish","type":"product","link":"https:\/\/profenligne.ca\/en\/product\/mes-defis-pas-betes-du-tout\/","title":{"rendered":"Mes d\u00e9fis pas b\u00eates du tout"},"content":{"rendered":"<p>Voici une activit\u00e9 pour le 2e cycle et d\u00e9but 3e cycle, d&rsquo;une dur\u00e9e approximative d&rsquo;une p\u00e9riode.<\/p>\n<p>Id\u00e9ale pour compl\u00e9ter une semaine ou pour une p\u00e9riode \u00ab\u00a0r\u00e9compense\u00a0\u00bb.<\/p>\n<p>Cette activit\u00e9 comprend 25 d\u00e9fis que les \u00e9l\u00e8ves devront r\u00e9aliser. Si vous d\u00e9sirez augmenter le niveau de difficult\u00e9, les \u00e9l\u00e8ves peuvent essayer de r\u00e9aliser l&rsquo;activit\u00e9 dans un d\u00e9lai de 30 minutes.<\/p>\n<p>Certains de ces d\u00e9fis se font en \u00e9quipe, en groupe classe ou individuellement.<\/p>\n<p>Les d\u00e9fis sont sportifs, cr\u00e9atifs ou touchent diff\u00e9rentes notions de fran\u00e7ais\/math\u00e9matique.<\/p>","protected":false},"excerpt":{"rendered":"<p>Voici une activit\u00e9 pour le 2e cycle et d\u00e9but 3e cycle, d&rsquo;une dur\u00e9e approximative d&rsquo;une p\u00e9riode. Id\u00e9ale pour compl\u00e9ter une semaine ou pour une p\u00e9riode \u00ab\u00a0r\u00e9compense\u00a0\u00bb. Cette activit\u00e9 comprend 25 d\u00e9fis que les \u00e9l\u00e8ves devront r\u00e9aliser. Si vous d\u00e9sirez augmenter le niveau de difficult\u00e9, les \u00e9l\u00e8ves peuvent essayer de r\u00e9aliser l&rsquo;activit\u00e9 dans un d\u00e9lai de&#8230;<\/p>","protected":false},"featured_media":1249,"template":"","meta":{"_kad_post_transparent":"default","_kad_post_title":"","_kad_post_layout":"default","_kad_post_sidebar_id":"","_kad_post_content_style":"default","_kad_post_vertical_padding":"default","_kad_post_feature":"","_kad_post_feature_position":"","_kad_post_header":false,"_kad_post_footer":false},"product_brand":[],"product_cat":[37,38,49],"product_tag":[414,96,22,413,106,416,415],"class_list":{"0":"post-1246","1":"product","2":"type-product","3":"status-publish","4":"has-post-thumbnail","6":"product_cat-2e-cycle","7":"product_cat-3e-cycle","8":"product_cat-defis","9":"product_tag-activite-interactive","10":"product_tag-animaux","11":"product_tag-interactif","12":"product_tag-mes-defis-pas-betes-du-tout","13":"product_tag-passe-temps","14":"product_tag-privilege","15":"product_tag-recompense","17":"first","18":"instock","19":"downloadable","20":"virtual","21":"purchasable","22":"product-type-simple","23":"entry","24":"content-bg","25":"loop-entry"},"jetpack_sharing_enabled":true,"_links":{"self":[{"href":"https:\/\/profenligne.ca\/en\/wp-json\/wp\/v2\/product\/1246","targetHints":{"allow":["GET"]}}],"collection":[{"href":"https:\/\/profenligne.ca\/en\/wp-json\/wp\/v2\/product"}],"about":[{"href":"https:\/\/profenligne.ca\/en\/wp-json\/wp\/v2\/types\/product"}],"version-history":[{"count":2,"href":"https:\/\/profenligne.ca\/en\/wp-json\/wp\/v2\/product\/1246\/revisions"}],"predecessor-version":[{"id":1935,"href":"https:\/\/profenligne.ca\/en\/wp-json\/wp\/v2\/product\/1246\/revisions\/1935"}],"wp:featuredmedia":[{"embeddable":true,"href":"https:\/\/profenligne.ca\/en\/wp-json\/wp\/v2\/media\/1249"}],"wp:attachment":[{"href":"https:\/\/profenligne.ca\/en\/wp-json\/wp\/v2\/media?parent=1246"}],"wp:term":[{"taxonomy":"product_brand","embeddable":true,"href":"https:\/\/profenligne.ca\/en\/wp-json\/wp\/v2\/product_brand?post=1246"},{"taxonomy":"product_cat","embeddable":true,"href":"https:\/\/profenligne.ca\/en\/wp-json\/wp\/v2\/product_cat?post=1246"},{"taxonomy":"product_tag","embeddable":true,"href":"https:\/\/profenligne.ca\/en\/wp-json\/wp\/v2\/product_tag?post=1246"}],"curies":[{"name":"wp","href":"https:\/\/api.w.org\/{rel}","templated":true}]}}