{"id":1221,"date":"2025-07-26T00:56:51","date_gmt":"2025-07-26T00:56:51","guid":{"rendered":"https:\/\/profenligne.ca\/?post_type=product&#038;p=1221"},"modified":"2025-10-19T15:14:31","modified_gmt":"2025-10-19T15:14:31","slug":"stonehenge-comprehension-de-lecture","status":"publish","type":"product","link":"https:\/\/profenligne.ca\/en\/product\/stonehenge-comprehension-de-lecture\/","title":{"rendered":"Stonehenge &#8211; Compr\u00e9hension de lecture"},"content":{"rendered":"<p>Voici une compr\u00e9hension de lecture portant\u00a0sur le Stonehenge. Id\u00e9ale pour le 2e et 3e cycle, cette compr\u00e9hension permet de mieux comprendre le myst\u00e8re entourant cet endroit.<\/p>\n<p>Vous retrouverez\u00a0:<\/p>\n<ul>\n<li>Un texte informatif de 3 pages en couleur et un en noir et blanc, ainsi qu&rsquo;une version avec la calligraphie Times New Roman, afin de pouvoir l&rsquo;utiliser avec les outils techno.<\/li>\n<li>Un questionnaire (11 questions)<\/li>\n<li>Le corrig\u00e9<\/li>\n<li>Un quiz Forms que vous pouvez modifier \u00e0 votre guise et envoyer \u00e0 vos \u00e9l\u00e8ves.<\/li>\n<\/ul>\n<p><strong>Disponible dans l&rsquo;ensemble \u00e9conomique : 8 grands myst\u00e8res du monde<\/strong><\/p>","protected":false},"excerpt":{"rendered":"<p>Voici une compr\u00e9hension de lecture portant\u00a0sur le Stonehenge. Id\u00e9ale pour le 2e et 3e cycle, cette compr\u00e9hension permet de mieux comprendre le myst\u00e8re entourant cet endroit. Vous retrouverez\u00a0: Un texte informatif de 3 pages en couleur et un en noir et blanc, ainsi qu&rsquo;une version avec la calligraphie Times New Roman, afin de pouvoir l&rsquo;utiliser&#8230;<\/p>","protected":false},"featured_media":1226,"template":"","meta":{"_kad_post_transparent":"default","_kad_post_title":"","_kad_post_layout":"default","_kad_post_sidebar_id":"","_kad_post_content_style":"default","_kad_post_vertical_padding":"default","_kad_post_feature":"","_kad_post_feature_position":"","_kad_post_header":false,"_kad_post_footer":false},"product_brand":[],"product_cat":[37,38,34,51,57],"product_tag":[435,184,433,426,436,143],"class_list":{"0":"post-1221","1":"product","2":"type-product","3":"status-publish","4":"has-post-thumbnail","6":"product_cat-2e-cycle","7":"product_cat-3e-cycle","8":"product_cat-francais","9":"product_cat-halloween","10":"product_cat-texte-informatif","11":"product_tag-angleterre","12":"product_tag-comprehension-lecture","13":"product_tag-mystere-du-monde","14":"product_tag-stonehenge","15":"product_tag-terre","16":"product_tag-texte-informatif","18":"first","19":"instock","20":"downloadable","21":"virtual","22":"purchasable","23":"product-type-simple","24":"entry","25":"content-bg","26":"loop-entry"},"jetpack_sharing_enabled":true,"_links":{"self":[{"href":"https:\/\/profenligne.ca\/en\/wp-json\/wp\/v2\/product\/1221","targetHints":{"allow":["GET"]}}],"collection":[{"href":"https:\/\/profenligne.ca\/en\/wp-json\/wp\/v2\/product"}],"about":[{"href":"https:\/\/profenligne.ca\/en\/wp-json\/wp\/v2\/types\/product"}],"version-history":[{"count":2,"href":"https:\/\/profenligne.ca\/en\/wp-json\/wp\/v2\/product\/1221\/revisions"}],"predecessor-version":[{"id":1937,"href":"https:\/\/profenligne.ca\/en\/wp-json\/wp\/v2\/product\/1221\/revisions\/1937"}],"wp:featuredmedia":[{"embeddable":true,"href":"https:\/\/profenligne.ca\/en\/wp-json\/wp\/v2\/media\/1226"}],"wp:attachment":[{"href":"https:\/\/profenligne.ca\/en\/wp-json\/wp\/v2\/media?parent=1221"}],"wp:term":[{"taxonomy":"product_brand","embeddable":true,"href":"https:\/\/profenligne.ca\/en\/wp-json\/wp\/v2\/product_brand?post=1221"},{"taxonomy":"product_cat","embeddable":true,"href":"https:\/\/profenligne.ca\/en\/wp-json\/wp\/v2\/product_cat?post=1221"},{"taxonomy":"product_tag","embeddable":true,"href":"https:\/\/profenligne.ca\/en\/wp-json\/wp\/v2\/product_tag?post=1221"}],"curies":[{"name":"wp","href":"https:\/\/api.w.org\/{rel}","templated":true}]}}