{"id":1182,"date":"2025-07-26T00:04:40","date_gmt":"2025-07-26T00:04:40","guid":{"rendered":"https:\/\/profenligne.ca\/?post_type=product&#038;p=1182"},"modified":"2025-10-19T15:15:25","modified_gmt":"2025-10-19T15:15:25","slug":"latlantide-comprehension-de-lecture","status":"publish","type":"product","link":"https:\/\/profenligne.ca\/en\/product\/latlantide-comprehension-de-lecture\/","title":{"rendered":"L&rsquo;Atlantide &#8211; Compr\u00e9hension de lecture"},"content":{"rendered":"<p>Voici une compr\u00e9hension de lecture portant\u00a0sur l&rsquo;Atlantide. Id\u00e9ale pour le 2e et 3e cycle, cette compr\u00e9hension permet de mieux comprendre le myst\u00e8re entourant cet endroit.<\/p>\n<p>Vous retrouverez\u00a0:<\/p>\n<ul>\n<li>Un texte informatif de 3 pages en couleur et un en noir et blanc, ainsi qu&rsquo;une version avec la calligraphie Times New Roman, afin de pouvoir l&rsquo;utiliser avec les outils techno.<\/li>\n<li>Un questionnaire (11 questions)<\/li>\n<li>Le corrig\u00e9<\/li>\n<li>Un quiz Forms que vous pouvez modifier \u00e0 votre guise et envoyer \u00e0 vos \u00e9l\u00e8ves.<\/li>\n<\/ul>\n<p><strong>Disponible dans l&rsquo;ensemble \u00e9conomique : 8 grands myst\u00e8res du monde<\/strong><\/p>","protected":false},"excerpt":{"rendered":"<p>Voici une compr\u00e9hension de lecture portant\u00a0sur l&rsquo;Atlantide. Id\u00e9ale pour le 2e et 3e cycle, cette compr\u00e9hension permet de mieux comprendre le myst\u00e8re entourant cet endroit. Vous retrouverez\u00a0: Un texte informatif de 3 pages en couleur et un en noir et blanc, ainsi qu&rsquo;une version avec la calligraphie Times New Roman, afin de pouvoir l&rsquo;utiliser avec&#8230;<\/p>","protected":false},"featured_media":1187,"template":"","meta":{"_kad_post_transparent":"default","_kad_post_title":"","_kad_post_layout":"default","_kad_post_sidebar_id":"","_kad_post_content_style":"default","_kad_post_vertical_padding":"default","_kad_post_feature":"","_kad_post_feature_position":"","_kad_post_header":false,"_kad_post_footer":false},"product_brand":[],"product_cat":[37,38,34,51,57],"product_tag":[429,92,433,143],"class_list":{"0":"post-1182","1":"product","2":"type-product","3":"status-publish","4":"has-post-thumbnail","6":"product_cat-2e-cycle","7":"product_cat-3e-cycle","8":"product_cat-francais","9":"product_cat-halloween","10":"product_cat-texte-informatif","11":"product_tag-atlantide","12":"product_tag-comprehension-de-lecture","13":"product_tag-mystere-du-monde","14":"product_tag-texte-informatif","16":"first","17":"instock","18":"downloadable","19":"virtual","20":"purchasable","21":"product-type-simple","22":"entry","23":"content-bg","24":"loop-entry"},"jetpack_sharing_enabled":true,"_links":{"self":[{"href":"https:\/\/profenligne.ca\/en\/wp-json\/wp\/v2\/product\/1182","targetHints":{"allow":["GET"]}}],"collection":[{"href":"https:\/\/profenligne.ca\/en\/wp-json\/wp\/v2\/product"}],"about":[{"href":"https:\/\/profenligne.ca\/en\/wp-json\/wp\/v2\/types\/product"}],"version-history":[{"count":3,"href":"https:\/\/profenligne.ca\/en\/wp-json\/wp\/v2\/product\/1182\/revisions"}],"predecessor-version":[{"id":2272,"href":"https:\/\/profenligne.ca\/en\/wp-json\/wp\/v2\/product\/1182\/revisions\/2272"}],"wp:featuredmedia":[{"embeddable":true,"href":"https:\/\/profenligne.ca\/en\/wp-json\/wp\/v2\/media\/1187"}],"wp:attachment":[{"href":"https:\/\/profenligne.ca\/en\/wp-json\/wp\/v2\/media?parent=1182"}],"wp:term":[{"taxonomy":"product_brand","embeddable":true,"href":"https:\/\/profenligne.ca\/en\/wp-json\/wp\/v2\/product_brand?post=1182"},{"taxonomy":"product_cat","embeddable":true,"href":"https:\/\/profenligne.ca\/en\/wp-json\/wp\/v2\/product_cat?post=1182"},{"taxonomy":"product_tag","embeddable":true,"href":"https:\/\/profenligne.ca\/en\/wp-json\/wp\/v2\/product_tag?post=1182"}],"curies":[{"name":"wp","href":"https:\/\/api.w.org\/{rel}","templated":true}]}}