{"id":1116,"date":"2025-07-25T14:17:23","date_gmt":"2025-07-25T14:17:23","guid":{"rendered":"https:\/\/profenligne.ca\/?post_type=product&#038;p=1116"},"modified":"2025-08-21T16:16:43","modified_gmt":"2025-08-21T16:16:43","slug":"11-comprehensions-de-lecture-noel-dans-le-monde","status":"publish","type":"product","link":"https:\/\/profenligne.ca\/en\/product\/11-comprehensions-de-lecture-noel-dans-le-monde\/","title":{"rendered":"11 Compr\u00e9hensions de lecture No\u00ebl dans le monde"},"content":{"rendered":"<p>Voici un ensemble \u00e9conomique comprenant 11 compr\u00e9hensions de lecture sur No\u00ebl \u00e0 travers le monde. Celles-ci sont adapt\u00e9es pour les \u00e9l\u00e8ves de 2e ann\u00e9e, 3e ann\u00e9e et peuvent \u00e9galement \u00eatre utilis\u00e9es en 4e ann\u00e9e.<\/p>\n<p>Ces compr\u00e9hensions abordent les traditions de No\u00ebl, les principales d\u00e9corations, ainsi que les c\u00e9l\u00e9brations du r\u00e9veillon de No\u00ebl et de la journ\u00e9e de No\u00ebl dans 11 pays.<\/p>\n<p>*Pour chaque compr\u00e9hension de lecture, il y a un texte en couleur, un texte en noir et blanc, une version en Times New Roman pour utiliser avec la synth\u00e8se vocale, un questionnaire de 11 questions, un corrig\u00e9, ainsi qu&rsquo;un lien menant \u00e0 un quiz Forms.<\/p>\n<p>Cet ensemble comprend :<\/p>\n<ul>\n<li>No\u00ebl au Canada &#8211; Qu\u00e9bec<\/li>\n<li>No\u00ebl en Autriche<\/li>\n<li>No\u00ebl en Espagne<\/li>\n<li>No\u00ebl aux \u00c9tats-Unis<\/li>\n<li>No\u00ebl en Italie<\/li>\n<li>No\u00ebl au Mexique<\/li>\n<li>No\u00ebl en Su\u00e8de<\/li>\n<li>No\u00ebl en Australie<\/li>\n<li>No\u00ebl au Cameroun<\/li>\n<li>No\u00ebl aux Philippines<\/li>\n<li>No\u00ebl en Norv\u00e8ge<\/li>\n<\/ul>\n<p>Les questions sont vari\u00e9es, allant du rep\u00e9rage, aux inf\u00e9rences, \u00e0 l&rsquo;appr\u00e9ciation et bien plus.<\/p>\n<p><strong>Ces compr\u00e9hensions sont \u00e9galement disponibles individuellement sur ma boutique.\u00a0<\/strong><\/p>\n<p>*Dans la m\u00eame cat\u00e9gorie :<\/p>\n<p><u><strong>\u00c9galement disponible sur le th\u00e8me de No\u00ebl :\u00a0<\/strong><\/u><\/p>","protected":false},"excerpt":{"rendered":"<p>Voici un ensemble \u00e9conomique comprenant 11 compr\u00e9hensions de lecture sur No\u00ebl \u00e0 travers le monde. Celles-ci sont adapt\u00e9es pour les \u00e9l\u00e8ves de 2e ann\u00e9e, 3e ann\u00e9e et peuvent \u00e9galement \u00eatre utilis\u00e9es en 4e ann\u00e9e. Ces compr\u00e9hensions abordent les traditions de No\u00ebl, les principales d\u00e9corations, ainsi que les c\u00e9l\u00e9brations du r\u00e9veillon de No\u00ebl et de la&#8230;<\/p>","protected":false},"featured_media":1119,"template":"","meta":{"_kad_post_transparent":"default","_kad_post_title":"","_kad_post_layout":"default","_kad_post_sidebar_id":"","_kad_post_content_style":"default","_kad_post_vertical_padding":"default","_kad_post_feature":"","_kad_post_feature_position":"","_kad_post_header":false,"_kad_post_footer":false},"product_brand":[],"product_cat":[37,40,34,52,57],"product_tag":[92,262,470,143],"class_list":{"0":"post-1116","1":"product","2":"type-product","3":"status-publish","4":"has-post-thumbnail","6":"product_cat-2e-cycle","7":"product_cat-ensemble-economique","8":"product_cat-francais","9":"product_cat-noel","10":"product_cat-texte-informatif","11":"product_tag-comprehension-de-lecture","12":"product_tag-ensemble-economique","13":"product_tag-noel-dans-le-monde","14":"product_tag-texte-informatif","16":"first","17":"instock","18":"downloadable","19":"virtual","20":"purchasable","21":"product-type-simple","22":"entry","23":"content-bg","24":"loop-entry"},"jetpack_sharing_enabled":true,"_links":{"self":[{"href":"https:\/\/profenligne.ca\/en\/wp-json\/wp\/v2\/product\/1116","targetHints":{"allow":["GET"]}}],"collection":[{"href":"https:\/\/profenligne.ca\/en\/wp-json\/wp\/v2\/product"}],"about":[{"href":"https:\/\/profenligne.ca\/en\/wp-json\/wp\/v2\/types\/product"}],"version-history":[{"count":1,"href":"https:\/\/profenligne.ca\/en\/wp-json\/wp\/v2\/product\/1116\/revisions"}],"predecessor-version":[{"id":1124,"href":"https:\/\/profenligne.ca\/en\/wp-json\/wp\/v2\/product\/1116\/revisions\/1124"}],"wp:featuredmedia":[{"embeddable":true,"href":"https:\/\/profenligne.ca\/en\/wp-json\/wp\/v2\/media\/1119"}],"wp:attachment":[{"href":"https:\/\/profenligne.ca\/en\/wp-json\/wp\/v2\/media?parent=1116"}],"wp:term":[{"taxonomy":"product_brand","embeddable":true,"href":"https:\/\/profenligne.ca\/en\/wp-json\/wp\/v2\/product_brand?post=1116"},{"taxonomy":"product_cat","embeddable":true,"href":"https:\/\/profenligne.ca\/en\/wp-json\/wp\/v2\/product_cat?post=1116"},{"taxonomy":"product_tag","embeddable":true,"href":"https:\/\/profenligne.ca\/en\/wp-json\/wp\/v2\/product_tag?post=1116"}],"curies":[{"name":"wp","href":"https:\/\/api.w.org\/{rel}","templated":true}]}}