{"id":1040,"date":"2025-07-25T13:35:50","date_gmt":"2025-07-25T13:35:50","guid":{"rendered":"https:\/\/profenligne.ca\/?post_type=product&#038;p=1040"},"modified":"2025-08-21T16:42:04","modified_gmt":"2025-08-21T16:42:04","slug":"noel-en-autriche-comprehension-de-lecture","status":"publish","type":"product","link":"https:\/\/profenligne.ca\/en\/product\/noel-en-autriche-comprehension-de-lecture\/","title":{"rendered":"No\u00ebl en Autriche &#8211; Compr\u00e9hension de lecture"},"content":{"rendered":"<p>Voici une petite compr\u00e9hension de lecture portant\u00a0sur la c\u00e9l\u00e9bration de No\u00ebl en Autriche. Elle convient surtout aux \u00e9l\u00e8ves de fin 2e, 3e et 4e ann\u00e9e.<\/p>\n<p>Vous retrouverez\u00a0:<\/p>\n<ul>\n<li>Un texte informatif en couleur et un en noir et blanc, ainsi qu&rsquo;une version en Times New Roman<\/li>\n<li>Un questionnaire (11 questions)<\/li>\n<li>Le corrig\u00e9<\/li>\n<li>Un quiz Forms que vous pouvez modifier \u00e0 votre guise et envoyer \u00e0 vos \u00e9l\u00e8ves.<\/li>\n<\/ul>\n<p><strong>Disponible dans l&rsquo;ensemble \u00e9conomique : 11 compr\u00e9hensions de lecture No\u00ebl dans le monde<\/strong><\/p>","protected":false},"excerpt":{"rendered":"<p>Voici une petite compr\u00e9hension de lecture portant\u00a0sur la c\u00e9l\u00e9bration de No\u00ebl en Autriche. Elle convient surtout aux \u00e9l\u00e8ves de fin 2e, 3e et 4e ann\u00e9e. Vous retrouverez\u00a0: Un texte informatif en couleur et un en noir et blanc, ainsi qu&rsquo;une version en Times New Roman Un questionnaire (11 questions) Le corrig\u00e9 Un quiz Forms que&#8230;<\/p>","protected":false},"featured_media":1045,"template":"","meta":{"_kad_post_transparent":"default","_kad_post_title":"","_kad_post_layout":"default","_kad_post_sidebar_id":"","_kad_post_content_style":"default","_kad_post_vertical_padding":"default","_kad_post_feature":"","_kad_post_feature_position":"","_kad_post_header":false,"_kad_post_footer":false},"product_brand":[],"product_cat":[37,34,52,57],"product_tag":[481,92,470,143],"class_list":{"0":"post-1040","1":"product","2":"type-product","3":"status-publish","4":"has-post-thumbnail","6":"product_cat-2e-cycle","7":"product_cat-francais","8":"product_cat-noel","9":"product_cat-texte-informatif","10":"product_tag-autriche","11":"product_tag-comprehension-de-lecture","12":"product_tag-noel-dans-le-monde","13":"product_tag-texte-informatif","15":"first","16":"instock","17":"downloadable","18":"virtual","19":"purchasable","20":"product-type-simple","21":"entry","22":"content-bg","23":"loop-entry"},"jetpack_sharing_enabled":true,"_links":{"self":[{"href":"https:\/\/profenligne.ca\/en\/wp-json\/wp\/v2\/product\/1040","targetHints":{"allow":["GET"]}}],"collection":[{"href":"https:\/\/profenligne.ca\/en\/wp-json\/wp\/v2\/product"}],"about":[{"href":"https:\/\/profenligne.ca\/en\/wp-json\/wp\/v2\/types\/product"}],"version-history":[{"count":2,"href":"https:\/\/profenligne.ca\/en\/wp-json\/wp\/v2\/product\/1040\/revisions"}],"predecessor-version":[{"id":1959,"href":"https:\/\/profenligne.ca\/en\/wp-json\/wp\/v2\/product\/1040\/revisions\/1959"}],"wp:featuredmedia":[{"embeddable":true,"href":"https:\/\/profenligne.ca\/en\/wp-json\/wp\/v2\/media\/1045"}],"wp:attachment":[{"href":"https:\/\/profenligne.ca\/en\/wp-json\/wp\/v2\/media?parent=1040"}],"wp:term":[{"taxonomy":"product_brand","embeddable":true,"href":"https:\/\/profenligne.ca\/en\/wp-json\/wp\/v2\/product_brand?post=1040"},{"taxonomy":"product_cat","embeddable":true,"href":"https:\/\/profenligne.ca\/en\/wp-json\/wp\/v2\/product_cat?post=1040"},{"taxonomy":"product_tag","embeddable":true,"href":"https:\/\/profenligne.ca\/en\/wp-json\/wp\/v2\/product_tag?post=1040"}],"curies":[{"name":"wp","href":"https:\/\/api.w.org\/{rel}","templated":true}]}}