{"id":1012,"date":"2025-07-25T13:16:28","date_gmt":"2025-07-25T13:16:28","guid":{"rendered":"https:\/\/profenligne.ca\/?post_type=product&#038;p=1012"},"modified":"2025-08-23T18:38:01","modified_gmt":"2025-08-23T18:38:01","slug":"la-foret-enchantee-activite-interactive","status":"publish","type":"product","link":"https:\/\/profenligne.ca\/en\/product\/la-foret-enchantee-activite-interactive\/","title":{"rendered":"La for\u00eat enchant\u00e9e &#8211; activit\u00e9 interactive"},"content":{"rendered":"<p>Voici une activit\u00e9 interactive et son format atelier (PDF non interactif), id\u00e9ale pour une r\u00e9vision fin septembre, octobre.\u00a0Cette activit\u00e9 permet de travailler avec vos \u00e9l\u00e8ves du 2e cycle, plusieurs notions de fran\u00e7ais et de math sous diff\u00e9rentes formes.<\/p>\n<p>L&rsquo;activit\u00e9 comporte une mise en situation et 8 d\u00e9fis travaillant :<\/p>\n<ul>\n<li>Le concept de d\u00e9composition d&rsquo;un nombre ;<\/li>\n<li>L&rsquo;indicatif pr\u00e9sent ;<\/li>\n<li>La valeur de position dans un nombre ;<\/li>\n<li>Les classes de mots ;<\/li>\n<li>La comparaison de nombres ;<\/li>\n<li>Le genre et le nombre ;<\/li>\n<li>La multiplication ;<\/li>\n<li>Le pluriel.<\/li>\n<\/ul>\n<p>Ce document comprend \u00e9galement la version PDF (non interactive) de l&rsquo;activit\u00e9, ainsi que son corrig\u00e9, afin d&rsquo;\u00eatre utilis\u00e9e en classe sous forme d&rsquo;atelier.<\/p>\n<p>*Corrig\u00e9 inclus<\/p>\n<p>IMPORTANT : La portion interactive fonctionne au TNI, sur les ordinateurs portables, ainsi que sur les Ipads (dans l&rsquo;application Power Point). Cela ne fonctionne malheureusement pas sur les Chromebooks.<\/p>","protected":false},"excerpt":{"rendered":"<p>Voici une activit\u00e9 interactive et son format atelier (PDF non interactif), id\u00e9ale pour une r\u00e9vision fin septembre, octobre.\u00a0Cette activit\u00e9 permet de travailler avec vos \u00e9l\u00e8ves du 2e cycle, plusieurs notions de fran\u00e7ais et de math sous diff\u00e9rentes formes. L&rsquo;activit\u00e9 comporte une mise en situation et 8 d\u00e9fis travaillant : Le concept de d\u00e9composition d&rsquo;un nombre&#8230;<\/p>","protected":false},"featured_media":1015,"template":"","meta":{"_kad_post_transparent":"default","_kad_post_title":"","_kad_post_layout":"default","_kad_post_sidebar_id":"","_kad_post_content_style":"default","_kad_post_vertical_padding":"default","_kad_post_feature":"","_kad_post_feature_position":"","_kad_post_header":false,"_kad_post_footer":false},"product_brand":[],"product_cat":[37,19,34,51,36],"product_tag":[23,414,486,299,490,489,207,492,196,491,22,21,24,493,26],"class_list":{"0":"post-1012","1":"product","2":"type-product","3":"status-publish","4":"has-post-thumbnail","6":"product_cat-2e-cycle","7":"product_cat-activites-interactives","8":"product_cat-francais","9":"product_cat-halloween","10":"product_cat-mathematique","11":"product_tag-2e-cycle","12":"product_tag-activite-interactive","13":"product_tag-classes-de-mots","14":"product_tag-comparaison","15":"product_tag-decomposition","16":"product_tag-foret-enchantee","17":"product_tag-francais","18":"product_tag-genre-et-nombre","19":"product_tag-halloween","20":"product_tag-indicatif","21":"product_tag-interactif","22":"product_tag-mathematique","23":"product_tag-multiplication","24":"product_tag-pluriel","25":"product_tag-valeur-de-position","27":"first","28":"instock","29":"downloadable","30":"virtual","31":"purchasable","32":"product-type-simple","33":"entry","34":"content-bg","35":"loop-entry"},"jetpack_sharing_enabled":true,"_links":{"self":[{"href":"https:\/\/profenligne.ca\/en\/wp-json\/wp\/v2\/product\/1012","targetHints":{"allow":["GET"]}}],"collection":[{"href":"https:\/\/profenligne.ca\/en\/wp-json\/wp\/v2\/product"}],"about":[{"href":"https:\/\/profenligne.ca\/en\/wp-json\/wp\/v2\/types\/product"}],"version-history":[{"count":2,"href":"https:\/\/profenligne.ca\/en\/wp-json\/wp\/v2\/product\/1012\/revisions"}],"predecessor-version":[{"id":2283,"href":"https:\/\/profenligne.ca\/en\/wp-json\/wp\/v2\/product\/1012\/revisions\/2283"}],"wp:featuredmedia":[{"embeddable":true,"href":"https:\/\/profenligne.ca\/en\/wp-json\/wp\/v2\/media\/1015"}],"wp:attachment":[{"href":"https:\/\/profenligne.ca\/en\/wp-json\/wp\/v2\/media?parent=1012"}],"wp:term":[{"taxonomy":"product_brand","embeddable":true,"href":"https:\/\/profenligne.ca\/en\/wp-json\/wp\/v2\/product_brand?post=1012"},{"taxonomy":"product_cat","embeddable":true,"href":"https:\/\/profenligne.ca\/en\/wp-json\/wp\/v2\/product_cat?post=1012"},{"taxonomy":"product_tag","embeddable":true,"href":"https:\/\/profenligne.ca\/en\/wp-json\/wp\/v2\/product_tag?post=1012"}],"curies":[{"name":"wp","href":"https:\/\/api.w.org\/{rel}","templated":true}]}}